{"id":588,"date":"2020-10-02T15:59:13","date_gmt":"2020-10-02T18:29:13","guid":{"rendered":"https:\/\/wp.acfsj.ca\/?page_id=588"},"modified":"2026-01-08T12:53:35","modified_gmt":"2026-01-08T16:23:35","slug":"cours-ateliers","status":"publish","type":"page","link":"https:\/\/acfsj.ca\/fr\/cours-ateliers\/","title":{"rendered":"Cours\/ateliers"},"content":{"rendered":"\t\t<div data-elementor-type=\"wp-page\" data-elementor-id=\"588\" class=\"elementor elementor-588\" data-elementor-post-type=\"page\">\n\t\t\t\t<div class=\"elementor-element elementor-element-290a4419 e-flex e-con-boxed e-con e-parent\" data-id=\"290a4419\" data-element_type=\"container\" data-e-type=\"container\">\n\t\t\t\t\t<div class=\"e-con-inner\">\n\t\t\t\t<div class=\"elementor-element elementor-element-61ae8755 elementor-widget elementor-widget-text-editor\" data-id=\"61ae8755\" data-element_type=\"widget\" data-e-type=\"widget\" data-widget_type=\"text-editor.default\">\n\t\t\t\t\t\t\t\t\t<p>Vous trouverez ci-dessous nos activit\u00e9s ponctuelles en vogue:<\/p>\n\t\t\t\t\t\t\t\t<\/div>\n\t\t\t\t\t<\/div>\n\t\t\t\t<\/div>\n\t\t<div class=\"elementor-element elementor-element-c64b865 e-flex e-con-boxed e-con e-parent\" data-id=\"c64b865\" data-element_type=\"container\" data-e-type=\"container\">\n\t\t\t\t\t<div class=\"e-con-inner\">\n\t\t\t\t<div class=\"elementor-element elementor-element-151f42e elementor-grid-3 elementor-grid-tablet-2 elementor-grid-mobile-1 elementor-widget elementor-widget-elementor-blog-posts\" data-id=\"151f42e\" data-element_type=\"widget\" data-e-type=\"widget\" data-settings=\"{&quot;columns&quot;:&quot;3&quot;,&quot;columns_tablet&quot;:&quot;2&quot;,&quot;columns_mobile&quot;:&quot;1&quot;}\" data-widget_type=\"elementor-blog-posts.default\">\n\t\t\t\t<div class=\"elementor-widget-container\">\n\t\t\t\t\t\t\t<div class=\"wpcap-grid\">\n\t\t\t\t\t\t<div class=\"wpcap-grid-container elementor-grid wpcap-grid-desktop-3 wpcap-grid-tablet-2 wpcap-grid-mobile-1\">\n\n\t\t\t\t\n        <article id=\"post-11840\" class=\"wpcap-post post-11840 post type-post status-publish format-standard has-post-thumbnail hentry category-cours-ateliers category-page-daccueil-en-vedette tag-sans-parfum entry has-media\">\n         \n            <div class=\"post-grid-inner\">\n            \t\n            \t\t\t\t<div class=\"post-grid-thumbnail\">\n\t\t\t\t<a href=\"https:\/\/acfsj.ca\/fr\/cours-recreatifs-2\/\">\n\t\t\t\t\t<img fetchpriority=\"high\" decoding=\"async\" width=\"1080\" height=\"1080\" src=\"https:\/\/acfsj.ca\/sites\/acfsj.ca\/wp-content\/uploads\/2024\/09\/Site-internet-nouvelle-image-13.png\" class=\"attachment-full size-full wp-post-image\" alt=\"\" srcset=\"https:\/\/acfsj.ca\/sites\/acfsj.ca\/wp-content\/uploads\/2024\/09\/Site-internet-nouvelle-image-13.png 1080w, https:\/\/acfsj.ca\/sites\/acfsj.ca\/wp-content\/uploads\/2024\/09\/Site-internet-nouvelle-image-13-300x300.png 300w, https:\/\/acfsj.ca\/sites\/acfsj.ca\/wp-content\/uploads\/2024\/09\/Site-internet-nouvelle-image-13-1024x1024.png 1024w, https:\/\/acfsj.ca\/sites\/acfsj.ca\/wp-content\/uploads\/2024\/09\/Site-internet-nouvelle-image-13-150x150.png 150w, https:\/\/acfsj.ca\/sites\/acfsj.ca\/wp-content\/uploads\/2024\/09\/Site-internet-nouvelle-image-13-768x768.png 768w, https:\/\/acfsj.ca\/sites\/acfsj.ca\/wp-content\/uploads\/2024\/09\/Site-internet-nouvelle-image-13-12x12.png 12w, https:\/\/acfsj.ca\/sites\/acfsj.ca\/wp-content\/uploads\/2024\/09\/Site-internet-nouvelle-image-13-600x600.png 600w, https:\/\/acfsj.ca\/sites\/acfsj.ca\/wp-content\/uploads\/2024\/09\/Site-internet-nouvelle-image-13-400x400.png 400w\" sizes=\"(max-width: 1080px) 100vw, 1080px\" \/>\t\t\t\t<\/a>\n\t\t\t<\/div>\n        \n                <div class=\"post-grid-text-wrap\">\n               \t\t\t\t<h3 class=\"title\">\n\t\t\t<a href=\"https:\/\/acfsj.ca\/fr\/cours-recreatifs-2\/\">COURS R\u00c9CR\u00c9ATIFS<\/a>\n\t\t<\/h3>\n\t\t\t                \t                \t                \t\t<a class=\"read-more-btn\" href=\"https:\/\/acfsj.ca\/fr\/cours-recreatifs-2\/\">Read More \u00bb<\/a>\n\t\t                <\/div>\n\n            <\/div><!-- .blog-inner -->\n           \n        <\/article>\n\n        \n        <article id=\"post-11600\" class=\"wpcap-post post-11600 post type-post status-publish format-standard has-post-thumbnail hentry category-cours-ateliers category-page-daccueil-en-vedette tag-sans-parfum entry has-media\">\n         \n            <div class=\"post-grid-inner\">\n            \t\n            \t\t\t\t<div class=\"post-grid-thumbnail\">\n\t\t\t\t<a href=\"https:\/\/acfsj.ca\/fr\/apprendre-le-francais-avec-lacfsj\/\">\n\t\t\t\t\t<img decoding=\"async\" width=\"1080\" height=\"1080\" src=\"https:\/\/acfsj.ca\/sites\/acfsj.ca\/wp-content\/uploads\/2024\/09\/Site-internet-nouvelle-image-14.png\" class=\"attachment-full size-full wp-post-image\" alt=\"\" srcset=\"https:\/\/acfsj.ca\/sites\/acfsj.ca\/wp-content\/uploads\/2024\/09\/Site-internet-nouvelle-image-14.png 1080w, https:\/\/acfsj.ca\/sites\/acfsj.ca\/wp-content\/uploads\/2024\/09\/Site-internet-nouvelle-image-14-300x300.png 300w, https:\/\/acfsj.ca\/sites\/acfsj.ca\/wp-content\/uploads\/2024\/09\/Site-internet-nouvelle-image-14-1024x1024.png 1024w, https:\/\/acfsj.ca\/sites\/acfsj.ca\/wp-content\/uploads\/2024\/09\/Site-internet-nouvelle-image-14-150x150.png 150w, https:\/\/acfsj.ca\/sites\/acfsj.ca\/wp-content\/uploads\/2024\/09\/Site-internet-nouvelle-image-14-768x768.png 768w, https:\/\/acfsj.ca\/sites\/acfsj.ca\/wp-content\/uploads\/2024\/09\/Site-internet-nouvelle-image-14-12x12.png 12w, https:\/\/acfsj.ca\/sites\/acfsj.ca\/wp-content\/uploads\/2024\/09\/Site-internet-nouvelle-image-14-600x600.png 600w, https:\/\/acfsj.ca\/sites\/acfsj.ca\/wp-content\/uploads\/2024\/09\/Site-internet-nouvelle-image-14-400x400.png 400w\" sizes=\"(max-width: 1080px) 100vw, 1080px\" \/>\t\t\t\t<\/a>\n\t\t\t<\/div>\n        \n                <div class=\"post-grid-text-wrap\">\n               \t\t\t\t<h3 class=\"title\">\n\t\t\t<a href=\"https:\/\/acfsj.ca\/fr\/apprendre-le-francais-avec-lacfsj\/\">\u00a0APPRENDRE LE FRAN\u00c7AIS AVEC L\u2019ACFSJ\u00a0<\/a>\n\t\t<\/h3>\n\t\t\t                \t                \t                \t\t<a class=\"read-more-btn\" href=\"https:\/\/acfsj.ca\/fr\/apprendre-le-francais-avec-lacfsj\/\">Read More \u00bb<\/a>\n\t\t                <\/div>\n\n            <\/div><!-- .blog-inner -->\n           \n        <\/article>\n\n        \n        <article id=\"post-11816\" class=\"wpcap-post post-11816 post type-post status-publish format-standard has-post-thumbnail hentry category-cours-ateliers category-page-daccueil-en-vedette entry has-media\">\n         \n            <div class=\"post-grid-inner\">\n            \t\n            \t\t\t\t<div class=\"post-grid-thumbnail\">\n\t\t\t\t<a href=\"https:\/\/acfsj.ca\/fr\/club-du-samedi-2\/\">\n\t\t\t\t\t<img decoding=\"async\" width=\"1080\" height=\"1080\" src=\"https:\/\/acfsj.ca\/sites\/acfsj.ca\/wp-content\/uploads\/2024\/09\/Site-internet-nouvelle-image-3.png\" class=\"attachment-full size-full wp-post-image\" alt=\"\" srcset=\"https:\/\/acfsj.ca\/sites\/acfsj.ca\/wp-content\/uploads\/2024\/09\/Site-internet-nouvelle-image-3.png 1080w, https:\/\/acfsj.ca\/sites\/acfsj.ca\/wp-content\/uploads\/2024\/09\/Site-internet-nouvelle-image-3-300x300.png 300w, https:\/\/acfsj.ca\/sites\/acfsj.ca\/wp-content\/uploads\/2024\/09\/Site-internet-nouvelle-image-3-1024x1024.png 1024w, https:\/\/acfsj.ca\/sites\/acfsj.ca\/wp-content\/uploads\/2024\/09\/Site-internet-nouvelle-image-3-150x150.png 150w, https:\/\/acfsj.ca\/sites\/acfsj.ca\/wp-content\/uploads\/2024\/09\/Site-internet-nouvelle-image-3-768x768.png 768w, https:\/\/acfsj.ca\/sites\/acfsj.ca\/wp-content\/uploads\/2024\/09\/Site-internet-nouvelle-image-3-12x12.png 12w, https:\/\/acfsj.ca\/sites\/acfsj.ca\/wp-content\/uploads\/2024\/09\/Site-internet-nouvelle-image-3-600x600.png 600w, https:\/\/acfsj.ca\/sites\/acfsj.ca\/wp-content\/uploads\/2024\/09\/Site-internet-nouvelle-image-3-400x400.png 400w\" sizes=\"(max-width: 1080px) 100vw, 1080px\" \/>\t\t\t\t<\/a>\n\t\t\t<\/div>\n        \n                <div class=\"post-grid-text-wrap\">\n               \t\t\t\t<h3 class=\"title\">\n\t\t\t<a href=\"https:\/\/acfsj.ca\/fr\/club-du-samedi-2\/\">CLUB DU SAMEDI<\/a>\n\t\t<\/h3>\n\t\t\t                \t                \t                \t\t<a class=\"read-more-btn\" href=\"https:\/\/acfsj.ca\/fr\/club-du-samedi-2\/\">Read More \u00bb<\/a>\n\t\t                <\/div>\n\n            <\/div><!-- .blog-inner -->\n           \n        <\/article>\n\n        \n\t\t\t<\/div>\n\t\t<\/div>\n\t\t\t\t\t\t<\/div>\n\t\t\t\t<\/div>\n\t\t\t\t\t<\/div>\n\t\t\t\t<\/div>\n\t\t\t\t<\/div>\n\t\t","protected":false},"excerpt":{"rendered":"<p>Vous trouverez ci-dessous nos activit\u00e9s ponctuelles en vogue: COURS R\u00c9CR\u00c9ATIFS Read More \u00bb \u00a0APPRENDRE LE FRAN\u00c7AIS AVEC L\u2019ACFSJ\u00a0 Read More \u00bb CLUB DU SAMEDI Read More \u00bb<\/p>\n","protected":false},"author":1,"featured_media":0,"parent":0,"menu_order":0,"comment_status":"closed","ping_status":"closed","template":"","meta":{"footnotes":""},"class_list":["post-588","page","type-page","status-publish","hentry","entry","has-media"],"_links":{"self":[{"href":"https:\/\/acfsj.ca\/fr\/wp-json\/wp\/v2\/pages\/588","targetHints":{"allow":["GET"]}}],"collection":[{"href":"https:\/\/acfsj.ca\/fr\/wp-json\/wp\/v2\/pages"}],"about":[{"href":"https:\/\/acfsj.ca\/fr\/wp-json\/wp\/v2\/types\/page"}],"author":[{"embeddable":true,"href":"https:\/\/acfsj.ca\/fr\/wp-json\/wp\/v2\/users\/1"}],"replies":[{"embeddable":true,"href":"https:\/\/acfsj.ca\/fr\/wp-json\/wp\/v2\/comments?post=588"}],"version-history":[{"count":31,"href":"https:\/\/acfsj.ca\/fr\/wp-json\/wp\/v2\/pages\/588\/revisions"}],"predecessor-version":[{"id":36635,"href":"https:\/\/acfsj.ca\/fr\/wp-json\/wp\/v2\/pages\/588\/revisions\/36635"}],"wp:attachment":[{"href":"https:\/\/acfsj.ca\/fr\/wp-json\/wp\/v2\/media?parent=588"}],"curies":[{"name":"wp","href":"https:\/\/api.w.org\/{rel}","templated":true}]}}