{"id":528,"date":"2020-09-30T12:19:05","date_gmt":"2020-09-30T14:49:05","guid":{"rendered":"https:\/\/wp.acfsj.ca\/?page_id=528"},"modified":"2025-03-06T09:33:10","modified_gmt":"2025-03-06T13:03:10","slug":"notre-equipe","status":"publish","type":"page","link":"https:\/\/acfsj.ca\/fr\/notre-equipe\/","title":{"rendered":"Notre \u00e9quipe"},"content":{"rendered":"\t\t<div data-elementor-type=\"wp-page\" data-elementor-id=\"528\" class=\"elementor elementor-528\" data-elementor-post-type=\"page\">\n\t\t\t\t<div class=\"elementor-element elementor-element-31747595 e-flex e-con-boxed e-con e-parent\" data-id=\"31747595\" data-element_type=\"container\">\n\t\t\t\t\t<div class=\"e-con-inner\">\n\t\t\t\t<div class=\"elementor-element elementor-element-6e860ffa elementor-widget elementor-widget-text-editor\" data-id=\"6e860ffa\" data-element_type=\"widget\" data-widget_type=\"text-editor.default\">\n\t\t\t\t\t\t\t\t\t<p>Une \u00e9quipe engag\u00e9e est primordiale pour assurer le succ\u00e8s de toute entreprise, montrant ainsi un fort d\u00e9vouement envers la prosp\u00e9rit\u00e9 de la soci\u00e9t\u00e9. Lorsque chaque membre de l&rsquo;\u00e9quipe est investi dans la r\u00e9ussite de l&rsquo;organisation, cela cr\u00e9e une dynamique positive qui favorise l&rsquo;innovation, la collaboration et la croissance.<\/p><p>\u00a0<\/p><p>Un fort esprit d&rsquo;\u00e9quipe permet de surmonter les obstacles, de relever les d\u00e9fis avec d\u00e9termination et de c\u00e9l\u00e9brer ensemble les victoires. Chacun apporte sa contribution unique, enrichissant ainsi le collectif et renfor\u00e7ant les liens qui les unissent. En cultivant une \u00e9quipe engag\u00e9e, on cr\u00e9e les conditions id\u00e9ales pour atteindre les objectifs fix\u00e9s et pour b\u00e2tir un avenir prosp\u00e8re pour l&rsquo;entreprise et ses collaborateurs.<\/p>\t\t\t\t\t\t\t\t<\/div>\n\t\t\t\t<div class=\"elementor-element elementor-element-379b68f elementor-widget elementor-widget-shortcode\" data-id=\"379b68f\" data-element_type=\"widget\" data-widget_type=\"shortcode.default\">\n\t\t\t\t\t\t\t<div class=\"elementor-shortcode\"><h4>L'\u00e9quipe<\/h4>\n<div class='rt-container-fluid rt-team-container rt-pos-r rt-team-container-11421' id='rt-team-container-4158750177'  data-layout='layout3' data-desktop-col='5'  data-tab-col='2'  data-mobile-col='1' data-sc-id='11421' data-popup-bg=''><div data-title='Loading ...' class='rt-row rt-content-loader layout3 ttp-even ttp-pre-loader'><div class=\"rt-col-md-24 rt-col-sm-6 rt-col-xs-12  even-grid-item rt-grid-item\" data-id=\"11412\"><div class=\"single-team-area\"><figure><img decoding=\"async\" width=\"150\" height=\"150\" src=\"https:\/\/acfsj.ca\/sites\/acfsj.ca\/wp-content\/uploads\/2024\/05\/LOUIIS-1-150x150.png\" class=\"img-responsive rt-team-img\" alt=\"Louis-Christophe Villeneuve\" \/><\/figure><div class=\"tlp-content\"><h3><span class=\"team-name\">Louis-Christophe Villeneuve<\/span><\/h3><div class=\"tlp-position\">Directeur G\u00e9n\u00e9ral<\/div><\/div><div class=\"contact-info\"><ul><li class=\"tlp-email\"><i class=\"far fa-envelope\"><\/i><a href=\"mailto:lcvilleneuve@acfsj.ca\"><span class=\"tlp-email\">lcvilleneuve@acfsj.ca<\/span><\/a><\/li><li class=\"tlp-phone\"><i class=\"fa fa-phone-alt\"><\/i><a href=\"tel:(709) 726-0308\" class=\"tlp-phone\">(709) 726-0308<\/a><\/li><\/ul><\/div><\/div><\/div><div class=\"rt-col-md-24 rt-col-sm-6 rt-col-xs-12  even-grid-item rt-grid-item\" data-id=\"11415\"><div class=\"single-team-area\"><figure><img decoding=\"async\" width=\"150\" height=\"150\" src=\"https:\/\/acfsj.ca\/sites\/acfsj.ca\/wp-content\/uploads\/2024\/07\/Abstract-Profile-Photo-Instagram-Post-4-150x150.png\" class=\"img-responsive rt-team-img\" alt=\"Ken Tse\" \/><\/figure><div class=\"tlp-content\"><h3><span class=\"team-name\">Ken Tse<\/span><\/h3><div class=\"tlp-position\">Coordonnateur communautaire et Parascolaire<\/div><\/div><div class=\"contact-info\"><ul><li class=\"tlp-email\"><i class=\"far fa-envelope\"><\/i><a href=\"mailto:animation@acfsj.ca\"><span class=\"tlp-email\">animation@acfsj.ca<\/span><\/a><\/li><li class=\"tlp-phone\"><i class=\"fa fa-phone-alt\"><\/i><a href=\"tel:(709) 726-4900\" class=\"tlp-phone\">(709) 726-4900<\/a><\/li><\/ul><\/div><\/div><\/div><div class=\"rt-col-md-24 rt-col-sm-6 rt-col-xs-12  even-grid-item rt-grid-item\" data-id=\"11416\"><div class=\"single-team-area\"><figure><img decoding=\"async\" width=\"150\" height=\"150\" src=\"https:\/\/acfsj.ca\/sites\/acfsj.ca\/wp-content\/uploads\/2024\/07\/Abstract-Profile-Photo-Instagram-Post-1-150x150.png\" class=\"img-responsive rt-team-img\" alt=\"Marie-Estelle Joos-Brehamet\" \/><\/figure><div class=\"tlp-content\"><h3><span class=\"team-name\">Marie-Estelle Joos-Brehamet<\/span><\/h3><div class=\"tlp-position\">Coordonnatrice de la programmation<\/div><\/div><div class=\"contact-info\"><ul><li class=\"tlp-email\"><i class=\"far fa-envelope\"><\/i><a href=\"mailto:jeunesse@acfsj.ca\"><span class=\"tlp-email\">jeunesse@acfsj.ca<\/span><\/a><\/li><li class=\"tlp-phone\"><i class=\"fa fa-phone-alt\"><\/i><a href=\"tel:(709) 726-4900\" class=\"tlp-phone\">(709) 726-4900<\/a><\/li><\/ul><\/div><\/div><\/div><div class=\"rt-col-md-24 rt-col-sm-6 rt-col-xs-12  even-grid-item rt-grid-item\" data-id=\"11417\"><div class=\"single-team-area\"><figure><img loading=\"lazy\" decoding=\"async\" width=\"150\" height=\"150\" src=\"https:\/\/acfsj.ca\/sites\/acfsj.ca\/wp-content\/uploads\/2024\/05\/sade-150x150.png\" class=\"img-responsive rt-team-img\" alt=\"Olasade Joane Ahmed\" \/><\/figure><div class=\"tlp-content\"><h3><span class=\"team-name\">Olasade Joane Ahmed<\/span><\/h3><div class=\"tlp-position\">Agente de communications, Coordinatrice d\u00e9veloppement culturel<\/div><\/div><div class=\"contact-info\"><ul><li class=\"tlp-email\"><i class=\"far fa-envelope\"><\/i><a href=\"mailto:culture@acfsj.ca\"><span class=\"tlp-email\">culture@acfsj.ca<\/span><\/a><\/li><li class=\"tlp-phone\"><i class=\"fa fa-phone-alt\"><\/i><a href=\"tel:(709) 726-4900\" class=\"tlp-phone\">(709) 726-4900<\/a><\/li><\/ul><\/div><\/div><\/div><div class=\"rt-col-md-24 rt-col-sm-6 rt-col-xs-12  even-grid-item rt-grid-item\" data-id=\"11418\"><div class=\"single-team-area\"><figure><img loading=\"lazy\" decoding=\"async\" width=\"150\" height=\"150\" src=\"https:\/\/acfsj.ca\/sites\/acfsj.ca\/wp-content\/uploads\/2024\/05\/MANON-1-150x150.png\" class=\"img-responsive rt-team-img\" alt=\"Manon Laverri\u00e8re\" \/><\/figure><div class=\"tlp-content\"><h3><span class=\"team-name\">Manon Laverri\u00e8re<\/span><\/h3><div class=\"tlp-position\">Coordonnatrice du Centre communautaire<\/div><\/div><div class=\"contact-info\"><ul><li class=\"tlp-email\"><i class=\"far fa-envelope\"><\/i><a href=\"mailto:grands-vents@acfsj.ca\"><span class=\"tlp-email\">grands-vents@acfsj.ca<\/span><\/a><\/li><li class=\"tlp-phone\"><i class=\"fa fa-phone-alt\"><\/i><a href=\"tel:(709) 757-2816\" class=\"tlp-phone\">(709) 757-2816<\/a><\/li><\/ul><\/div><\/div><\/div><div class=\"rt-loading-overlay\"><\/div><div class=\"rt-loading rt-ball-clip-rotate\"><div><\/div><\/div><\/div><\/div>\n<h4>Nos sp\u00e9cialistes<\/h4>\n<div class='rt-container-fluid rt-team-container rt-pos-r rt-team-container-11437' id='rt-team-container-3076705070'  data-layout='layout3' data-desktop-col='2'  data-tab-col='2'  data-mobile-col='1' data-sc-id='11437' data-popup-bg=''><div data-title='Loading ...' class='rt-row rt-content-loader layout3 ttp-even ttp-pre-loader'><div class=\"rt-col-md-6 rt-col-sm-6 rt-col-xs-12  even-grid-item rt-grid-item round-img\" data-id=\"11435\"><div class=\"single-team-area\"><div class=\"tlp-content\"><h3><span class=\"team-name\">Camilla Stoodley<\/span><\/h3><div class=\"tlp-position\">Cours de fran\u00e7ais<\/div><\/div><div class=\"contact-info\"><ul><li class=\"tlp-phone\"><i class=\"fa fa-phone-alt\"><\/i><a href=\"tel:709-689-0439\" class=\"tlp-phone\">709-689-0439<\/a><\/li><\/ul><\/div><\/div><\/div><div class=\"rt-col-md-6 rt-col-sm-6 rt-col-xs-12  even-grid-item rt-grid-item round-img\" data-id=\"11436\"><div class=\"single-team-area\"><div class=\"tlp-content\"><h3><span class=\"team-name\">Claire Wilkshire<\/span><\/h3><\/div><div class=\"contact-info\"><ul><li class=\"tlp-email\"><i class=\"far fa-envelope\"><\/i><a href=\"mailto:chorale@acfsj.ca\"><span class=\"tlp-email\">chorale@acfsj.ca<\/span><\/a><\/li><\/ul><\/div><\/div><\/div><div class=\"rt-loading-overlay\"><\/div><div class=\"rt-loading rt-ball-clip-rotate\"><div><\/div><\/div><\/div><\/div><\/div>\n\t\t\t\t\t\t<\/div>\n\t\t\t\t\t<\/div>\n\t\t\t\t<\/div>\n\t\t\t\t<\/div>\n\t\t","protected":false},"excerpt":{"rendered":"<p>Une \u00e9quipe engag\u00e9e est primordiale pour assurer le succ\u00e8s de toute entreprise, montrant ainsi un fort d\u00e9vouement envers la prosp\u00e9rit\u00e9 de la soci\u00e9t\u00e9. Lorsque chaque membre de l&rsquo;\u00e9quipe est investi dans la r\u00e9ussite de l&rsquo;organisation, cela cr\u00e9e une dynamique positive qui favorise l&rsquo;innovation, la collaboration et la croissance. \u00a0 Un fort esprit d&rsquo;\u00e9quipe permet de [&hellip;]<\/p>\n","protected":false},"author":1,"featured_media":0,"parent":0,"menu_order":0,"comment_status":"closed","ping_status":"closed","template":"","meta":{"footnotes":""},"class_list":["post-528","page","type-page","status-publish","hentry","entry","has-media"],"_links":{"self":[{"href":"https:\/\/acfsj.ca\/fr\/wp-json\/wp\/v2\/pages\/528","targetHints":{"allow":["GET"]}}],"collection":[{"href":"https:\/\/acfsj.ca\/fr\/wp-json\/wp\/v2\/pages"}],"about":[{"href":"https:\/\/acfsj.ca\/fr\/wp-json\/wp\/v2\/types\/page"}],"author":[{"embeddable":true,"href":"https:\/\/acfsj.ca\/fr\/wp-json\/wp\/v2\/users\/1"}],"replies":[{"embeddable":true,"href":"https:\/\/acfsj.ca\/fr\/wp-json\/wp\/v2\/comments?post=528"}],"version-history":[{"count":9,"href":"https:\/\/acfsj.ca\/fr\/wp-json\/wp\/v2\/pages\/528\/revisions"}],"predecessor-version":[{"id":19369,"href":"https:\/\/acfsj.ca\/fr\/wp-json\/wp\/v2\/pages\/528\/revisions\/19369"}],"wp:attachment":[{"href":"https:\/\/acfsj.ca\/fr\/wp-json\/wp\/v2\/media?parent=528"}],"curies":[{"name":"wp","href":"https:\/\/api.w.org\/{rel}","templated":true}]}}