{"id":486,"date":"2020-09-28T17:45:36","date_gmt":"2020-09-28T20:15:36","guid":{"rendered":"https:\/\/wp.acfsj.ca\/?page_id=486"},"modified":"2025-03-06T09:28:27","modified_gmt":"2025-03-06T12:58:27","slug":"notre-bibliotheque","status":"publish","type":"page","link":"https:\/\/acfsj.ca\/fr\/notre-bibliotheque\/","title":{"rendered":"Notre biblioth\u00e8que"},"content":{"rendered":"\t\t<div data-elementor-type=\"wp-page\" data-elementor-id=\"486\" class=\"elementor elementor-486\" data-elementor-post-type=\"page\">\n\t\t\t\t<div class=\"elementor-element elementor-element-17aec3e7 e-flex e-con-boxed e-con e-parent\" data-id=\"17aec3e7\" data-element_type=\"container\" data-e-type=\"container\">\n\t\t\t\t\t<div class=\"e-con-inner\">\n\t\t\t\t<div class=\"elementor-element elementor-element-1b6cc42 elementor-widget elementor-widget-heading\" data-id=\"1b6cc42\" data-element_type=\"widget\" data-e-type=\"widget\" data-widget_type=\"heading.default\">\n\t\t\t\t\t<h2 class=\"elementor-heading-title elementor-size-default\">NOTRE BIBLIOTH\u00c8QUE<\/h2>\t\t\t\t<\/div>\n\t\t\t\t<div class=\"elementor-element elementor-element-8305110 elementor-widget elementor-widget-text-editor\" data-id=\"8305110\" data-element_type=\"widget\" data-e-type=\"widget\" data-widget_type=\"text-editor.default\">\n\t\t\t\t\t\t\t\t\t<h4>CSC des Grands Vents<\/h4>\n<p>65, Chemin Ridge<\/p>\n<p>St. Jean (TNL)<\/p>\n<p>A1B 4P5<\/p>\n\n&nbsp;\n\n<h4>Horaires :<\/h4>\n<p><strong>Du lundi au vendredi, apr\u00e8s 15 h.<\/strong><\/p>\n\n<p>La biblioth\u00e8que du CSC des Grands Vents vous propose un large \u00e9ventail de ressources en fran\u00e7ais et vous accueille toute l\u2019ann\u00e9e pour diverses activit\u00e9s !\nElle sert non seulement les \u00e9l\u00e8ves de l\u2019\u00e9cole, mais aussi les francophones et le grand public de la r\u00e9gion de Saint-Jean.<\/p>\n\n&nbsp;\n\n<p>En plus d&rsquo;une vaste collection de livres pour adultes, jeunes et enfants, nous offrons \u00e9galement une grande s\u00e9lection de films sur DVD, des centaines de disques de musique, ainsi qu&rsquo;un acc\u00e8s gratuit \u00e0 Internet.<\/p>\n\n&nbsp;\n\n<p><em>Pour b\u00e9n\u00e9ficier de nos services, il est important que votre membership soit \u00e0 jour. Assurez-vous de v\u00e9rifier votre statut et de renouveler si n\u00e9cessaire. Si vous avez des questions ou besoin d\u2019assistance pour votre adh\u00e9sion, n\u2019h\u00e9sitez pas \u00e0 nous contacter.<\/em><\/p>\t\t\t\t\t\t\t\t<\/div>\n\t\t\t\t<div class=\"elementor-element elementor-element-a979b25 elementor-tabs-view-horizontal elementor-widget elementor-widget-tabs\" data-id=\"a979b25\" data-element_type=\"widget\" data-e-type=\"widget\" data-widget_type=\"tabs.default\">\n\t\t\t\t\t\t\t<div class=\"elementor-tabs\">\n\t\t\t<div class=\"elementor-tabs-wrapper\" role=\"tablist\" >\n\t\t\t\t\t\t\t\t\t<div id=\"elementor-tab-title-1771\" class=\"elementor-tab-title elementor-tab-desktop-title\" aria-selected=\"true\" data-tab=\"1\" role=\"tab\" tabindex=\"0\" aria-controls=\"elementor-tab-content-1771\" aria-expanded=\"false\">Biblioth\u00e8que.<\/div>\n\t\t\t\t\t\t\t<\/div>\n\t\t\t<div class=\"elementor-tabs-content-wrapper\" role=\"tablist\" aria-orientation=\"vertical\">\n\t\t\t\t\t\t\t\t\t<div class=\"elementor-tab-title elementor-tab-mobile-title\" aria-selected=\"true\" data-tab=\"1\" role=\"tab\" tabindex=\"0\" aria-controls=\"elementor-tab-content-1771\" aria-expanded=\"false\">Biblioth\u00e8que.<\/div>\n\t\t\t\t\t<div id=\"elementor-tab-content-1771\" class=\"elementor-tab-content elementor-clearfix\" data-tab=\"1\" role=\"tabpanel\" aria-labelledby=\"elementor-tab-title-1771\" tabindex=\"0\" hidden=\"false\"><p>Emprunter des livres;<br \/>Emprunter des films (DVD);<br \/>Consulter des livres de r\u00e9f\u00e9rence (dictionnaires, revues, etc.)<\/p><\/div>\n\t\t\t\t\t\t\t<\/div>\n\t\t<\/div>\n\t\t\t\t\t\t<\/div>\n\t\t\t\t<div class=\"elementor-element elementor-element-7f2ab54 elementor-widget elementor-widget-text-editor\" data-id=\"7f2ab54\" data-element_type=\"widget\" data-e-type=\"widget\" data-widget_type=\"text-editor.default\">\n\t\t\t\t\t\t\t\t\t<p><strong>Nous contacter<\/strong><br \/>Pour toute demande d\u2019information, veuillez contacter :<\/p><p>T\u00e9l\u00e9phone : (709) 726-4900<br \/>Adresse courriel : info@acfsj.ca\u00a0<\/p>\t\t\t\t\t\t\t\t<\/div>\n\t\t\t\t\t<\/div>\n\t\t\t\t<\/div>\n\t\t\t\t<\/div>\n\t\t","protected":false},"excerpt":{"rendered":"<p>NOTRE BIBLIOTH\u00c8QUE CSC des Grands Vents 65, Chemin Ridge St. Jean (TNL) A1B 4P5 &nbsp; Horaires : Du lundi au vendredi, apr\u00e8s 15 h. La biblioth\u00e8que du CSC des Grands Vents vous propose un large \u00e9ventail de ressources en fran\u00e7ais et vous accueille toute l\u2019ann\u00e9e pour diverses activit\u00e9s ! Elle sert non seulement les \u00e9l\u00e8ves [&hellip;]<\/p>\n","protected":false},"author":1,"featured_media":0,"parent":0,"menu_order":0,"comment_status":"closed","ping_status":"closed","template":"","meta":{"footnotes":""},"class_list":["post-486","page","type-page","status-publish","hentry","entry"],"_links":{"self":[{"href":"https:\/\/acfsj.ca\/fr\/wp-json\/wp\/v2\/pages\/486","targetHints":{"allow":["GET"]}}],"collection":[{"href":"https:\/\/acfsj.ca\/fr\/wp-json\/wp\/v2\/pages"}],"about":[{"href":"https:\/\/acfsj.ca\/fr\/wp-json\/wp\/v2\/types\/page"}],"author":[{"embeddable":true,"href":"https:\/\/acfsj.ca\/fr\/wp-json\/wp\/v2\/users\/1"}],"replies":[{"embeddable":true,"href":"https:\/\/acfsj.ca\/fr\/wp-json\/wp\/v2\/comments?post=486"}],"version-history":[{"count":16,"href":"https:\/\/acfsj.ca\/fr\/wp-json\/wp\/v2\/pages\/486\/revisions"}],"predecessor-version":[{"id":19366,"href":"https:\/\/acfsj.ca\/fr\/wp-json\/wp\/v2\/pages\/486\/revisions\/19366"}],"wp:attachment":[{"href":"https:\/\/acfsj.ca\/fr\/wp-json\/wp\/v2\/media?parent=486"}],"curies":[{"name":"wp","href":"https:\/\/api.w.org\/{rel}","templated":true}]}}