{"id":248,"date":"2020-08-31T15:10:25","date_gmt":"2020-08-31T17:40:25","guid":{"rendered":"https:\/\/wp.acfsj.ca\/?page_id=248"},"modified":"2025-03-06T09:10:01","modified_gmt":"2025-03-06T12:40:01","slug":"locations-espaces","status":"publish","type":"page","link":"https:\/\/acfsj.ca\/fr\/locations-espaces\/","title":{"rendered":"Location d&rsquo;espaces"},"content":{"rendered":"\t\t<div data-elementor-type=\"wp-page\" data-elementor-id=\"248\" class=\"elementor elementor-248\" data-elementor-post-type=\"page\">\n\t\t\t\t<div class=\"elementor-element elementor-element-33fc7375 e-flex e-con-boxed e-con e-parent\" data-id=\"33fc7375\" data-element_type=\"container\">\n\t\t\t\t\t<div class=\"e-con-inner\">\n\t\t\t\t<div class=\"elementor-element elementor-element-3edb3de elementor-widget elementor-widget-heading\" data-id=\"3edb3de\" data-element_type=\"widget\" data-widget_type=\"heading.default\">\n\t\t\t\t\t<h2 class=\"elementor-heading-title elementor-size-default\">Location d'espaces<\/h2>\t\t\t\t<\/div>\n\t\t\t\t<div class=\"elementor-element elementor-element-740a4f6 elementor-widget elementor-widget-heading\" data-id=\"740a4f6\" data-element_type=\"widget\" data-widget_type=\"heading.default\">\n\t\t\t\t\t<h2 class=\"elementor-heading-title elementor-size-default\">Configuration des salles<\/h2>\t\t\t\t<\/div>\n\t\t\t\t<div class=\"elementor-element elementor-element-5306640 elementor-widget elementor-widget-text-editor\" data-id=\"5306640\" data-element_type=\"widget\" data-widget_type=\"text-editor.default\">\n\t\t\t\t\t\t\t\t\t<h3>Des salles polyvalentes adapt\u00e9es \u00e0 tous vos besoins<\/h3><p>Que ce soit pour des pr\u00e9sentations, des sessions de formation, des r\u00e9unions d\u2019\u00e9quipe ou des comit\u00e9s, nous vous proposons un mobilier con\u00e7u pour favoriser l\u2019interaction et la collaboration.<\/p><h5>Horaires d\u2019ouverture<br \/>P\u00e9riode scolaire (1er septembre au 30 juin):<\/h5><ul><li>Lundi au vendredi : 8h30 &#8211; 22h<\/li><li>Samedi: 9h &#8211; 16h30<\/li><li>Dimanche: g\u00e9n\u00e9ralement ferm\u00e9, sauf sur demande sp\u00e9ciale.<\/li><\/ul><h5>P\u00e9riode estivale <span style=\"font-size: 16px;\">(1er juillet au 31 ao\u00fbt):<\/span><\/h5><ul><li>Lundi au vendredi : 8h30 &#8211; 22h<\/li><li>Samedi et dimanche : g\u00e9n\u00e9ralement ferm\u00e9s, sauf sur demande sp\u00e9ciale<\/li><\/ul>\t\t\t\t\t\t\t\t<\/div>\n\t\t\t\t<div class=\"elementor-element elementor-element-ac4eec1 elementor-arrows-position-inside elementor-pagination-position-outside elementor-widget elementor-widget-image-carousel\" data-id=\"ac4eec1\" data-element_type=\"widget\" data-settings=\"{&quot;navigation&quot;:&quot;both&quot;,&quot;autoplay&quot;:&quot;yes&quot;,&quot;pause_on_hover&quot;:&quot;yes&quot;,&quot;pause_on_interaction&quot;:&quot;yes&quot;,&quot;autoplay_speed&quot;:5000,&quot;infinite&quot;:&quot;yes&quot;,&quot;speed&quot;:500}\" data-widget_type=\"image-carousel.default\">\n\t\t\t\t\t\t\t<div class=\"elementor-image-carousel-wrapper swiper\" role=\"region\" aria-roledescription=\"carousel\" aria-label=\"Carrousel d\u2019images\" dir=\"ltr\">\n\t\t\t<div class=\"elementor-image-carousel swiper-wrapper\" aria-live=\"off\">\n\t\t\t\t\t\t\t\t<div class=\"swiper-slide\" role=\"group\" aria-roledescription=\"slide\" aria-label=\"1 de 12\"><figure class=\"swiper-slide-inner\"><img decoding=\"async\" class=\"swiper-slide-image\" src=\"https:\/\/acfsj.ca\/sites\/acfsj.ca\/wp-content\/uploads\/2024\/10\/1-768x768.png\" alt=\"caf\u00e9t\u00e9ria\" \/><\/figure><\/div><div class=\"swiper-slide\" role=\"group\" aria-roledescription=\"slide\" aria-label=\"2 de 12\"><figure class=\"swiper-slide-inner\"><img decoding=\"async\" class=\"swiper-slide-image\" src=\"https:\/\/acfsj.ca\/sites\/acfsj.ca\/wp-content\/uploads\/2024\/10\/2-768x768.png\" alt=\"th\u00e9\u00e2tre\" \/><\/figure><\/div><div class=\"swiper-slide\" role=\"group\" aria-roledescription=\"slide\" aria-label=\"3 de 12\"><figure class=\"swiper-slide-inner\"><img decoding=\"async\" class=\"swiper-slide-image\" src=\"https:\/\/acfsj.ca\/sites\/acfsj.ca\/wp-content\/uploads\/2024\/10\/3-768x768.png\" alt=\"Th\u00e9\u00e2tre\" \/><\/figure><\/div><div class=\"swiper-slide\" role=\"group\" aria-roledescription=\"slide\" aria-label=\"4 de 12\"><figure class=\"swiper-slide-inner\"><img decoding=\"async\" class=\"swiper-slide-image\" src=\"https:\/\/acfsj.ca\/sites\/acfsj.ca\/wp-content\/uploads\/2024\/10\/5-768x768.png\" alt=\"th\u00e9\u00e2tre\" \/><\/figure><\/div><div class=\"swiper-slide\" role=\"group\" aria-roledescription=\"slide\" aria-label=\"5 de 12\"><figure class=\"swiper-slide-inner\"><img decoding=\"async\" class=\"swiper-slide-image\" src=\"https:\/\/acfsj.ca\/sites\/acfsj.ca\/wp-content\/uploads\/2024\/10\/6-768x768.png\" alt=\"th\u00e9\u00e2tre\" \/><\/figure><\/div><div class=\"swiper-slide\" role=\"group\" aria-roledescription=\"slide\" aria-label=\"6 de 12\"><figure class=\"swiper-slide-inner\"><img decoding=\"async\" class=\"swiper-slide-image\" src=\"https:\/\/acfsj.ca\/sites\/acfsj.ca\/wp-content\/uploads\/2024\/10\/7-768x768.png\" alt=\"th\u00e9\u00e2tre\" \/><\/figure><\/div><div class=\"swiper-slide\" role=\"group\" aria-roledescription=\"slide\" aria-label=\"7 de 12\"><figure class=\"swiper-slide-inner\"><img decoding=\"async\" class=\"swiper-slide-image\" src=\"https:\/\/acfsj.ca\/sites\/acfsj.ca\/wp-content\/uploads\/2024\/10\/8-768x768.png\" alt=\"Gymnase\" \/><\/figure><\/div><div class=\"swiper-slide\" role=\"group\" aria-roledescription=\"slide\" aria-label=\"8 de 12\"><figure class=\"swiper-slide-inner\"><img decoding=\"async\" class=\"swiper-slide-image\" src=\"https:\/\/acfsj.ca\/sites\/acfsj.ca\/wp-content\/uploads\/2024\/10\/9-768x768.png\" alt=\"Gymnase\" \/><\/figure><\/div><div class=\"swiper-slide\" role=\"group\" aria-roledescription=\"slide\" aria-label=\"9 de 12\"><figure class=\"swiper-slide-inner\"><img decoding=\"async\" class=\"swiper-slide-image\" src=\"https:\/\/acfsj.ca\/sites\/acfsj.ca\/wp-content\/uploads\/2024\/10\/10-768x768.png\" alt=\"salle de conf\u00e9rence\" \/><\/figure><\/div><div class=\"swiper-slide\" role=\"group\" aria-roledescription=\"slide\" aria-label=\"10 de 12\"><figure class=\"swiper-slide-inner\"><img decoding=\"async\" class=\"swiper-slide-image\" src=\"https:\/\/acfsj.ca\/sites\/acfsj.ca\/wp-content\/uploads\/2024\/10\/11-768x768.png\" alt=\"salle de conf\u00e9rence\" \/><\/figure><\/div><div class=\"swiper-slide\" role=\"group\" aria-roledescription=\"slide\" aria-label=\"11 de 12\"><figure class=\"swiper-slide-inner\"><img decoding=\"async\" class=\"swiper-slide-image\" src=\"https:\/\/acfsj.ca\/sites\/acfsj.ca\/wp-content\/uploads\/2024\/10\/12-768x768.png\" alt=\"salle de conf\u00e9rence\" \/><\/figure><\/div><div class=\"swiper-slide\" role=\"group\" aria-roledescription=\"slide\" aria-label=\"12 de 12\"><figure class=\"swiper-slide-inner\"><img decoding=\"async\" class=\"swiper-slide-image\" src=\"https:\/\/acfsj.ca\/sites\/acfsj.ca\/wp-content\/uploads\/2024\/10\/13-768x768.png\" alt=\"salle de conf\u00e9rence\" \/><\/figure><\/div>\t\t\t<\/div>\n\t\t\t\t\t\t\t\t\t\t\t\t<div class=\"elementor-swiper-button elementor-swiper-button-prev\" role=\"button\" tabindex=\"0\">\n\t\t\t\t\t\t<svg aria-hidden=\"true\" class=\"e-font-icon-svg e-eicon-chevron-left\" viewBox=\"0 0 1000 1000\" xmlns=\"http:\/\/www.w3.org\/2000\/svg\"><path d=\"M646 125C629 125 613 133 604 142L308 442C296 454 292 471 292 487 292 504 296 521 308 533L604 854C617 867 629 875 646 875 663 875 679 871 692 858 704 846 713 829 713 812 713 796 708 779 692 767L438 487 692 225C700 217 708 204 708 187 708 171 704 154 692 142 675 129 663 125 646 125Z\"><\/path><\/svg>\t\t\t\t\t<\/div>\n\t\t\t\t\t<div class=\"elementor-swiper-button elementor-swiper-button-next\" role=\"button\" tabindex=\"0\">\n\t\t\t\t\t\t<svg aria-hidden=\"true\" class=\"e-font-icon-svg e-eicon-chevron-right\" viewBox=\"0 0 1000 1000\" xmlns=\"http:\/\/www.w3.org\/2000\/svg\"><path d=\"M696 533C708 521 713 504 713 487 713 471 708 454 696 446L400 146C388 133 375 125 354 125 338 125 325 129 313 142 300 154 292 171 292 187 292 204 296 221 308 233L563 492 304 771C292 783 288 800 288 817 288 833 296 850 308 863 321 871 338 875 354 875 371 875 388 867 400 854L696 533Z\"><\/path><\/svg>\t\t\t\t\t<\/div>\n\t\t\t\t\n\t\t\t\t\t\t\t\t\t<div class=\"swiper-pagination\"><\/div>\n\t\t\t\t\t\t\t\t\t<\/div>\n\t\t\t\t\t\t<\/div>\n\t\t\t\t<div class=\"elementor-element elementor-element-f0641e3 elementor-widget elementor-widget-heading\" data-id=\"f0641e3\" data-element_type=\"widget\" data-widget_type=\"heading.default\">\n\t\t\t\t\t<h2 class=\"elementor-heading-title elementor-size-default\">Politique location de salles au CGV<\/h2>\t\t\t\t<\/div>\n\t\t\t\t<div class=\"elementor-element elementor-element-ca58cb8 elementor-widget elementor-widget-toggle\" data-id=\"ca58cb8\" data-element_type=\"widget\" data-widget_type=\"toggle.default\">\n\t\t\t\t\t\t\t<div class=\"elementor-toggle\">\n\t\t\t\t\t\t\t<div class=\"elementor-toggle-item\">\n\t\t\t\t\t<div id=\"elementor-tab-title-2121\" class=\"elementor-tab-title\" data-tab=\"1\" role=\"button\" aria-controls=\"elementor-tab-content-2121\" aria-expanded=\"false\">\n\t\t\t\t\t\t\t\t\t\t\t\t<span class=\"elementor-toggle-icon elementor-toggle-icon-left\" aria-hidden=\"true\">\n\t\t\t\t\t\t\t\t\t\t\t\t\t\t\t<span class=\"elementor-toggle-icon-closed\"><svg class=\"e-font-icon-svg e-fas-caret-right\" viewBox=\"0 0 192 512\" xmlns=\"http:\/\/www.w3.org\/2000\/svg\"><path d=\"M0 384.662V127.338c0-17.818 21.543-26.741 34.142-14.142l128.662 128.662c7.81 7.81 7.81 20.474 0 28.284L34.142 398.804C21.543 411.404 0 402.48 0 384.662z\"><\/path><\/svg><\/span>\n\t\t\t\t\t\t\t\t<span class=\"elementor-toggle-icon-opened\"><svg class=\"elementor-toggle-icon-opened e-font-icon-svg e-fas-caret-up\" viewBox=\"0 0 320 512\" xmlns=\"http:\/\/www.w3.org\/2000\/svg\"><path d=\"M288.662 352H31.338c-17.818 0-26.741-21.543-14.142-34.142l128.662-128.662c7.81-7.81 20.474-7.81 28.284 0l128.662 128.662c12.6 12.599 3.676 34.142-14.142 34.142z\"><\/path><\/svg><\/span>\n\t\t\t\t\t\t\t\t\t\t\t\t\t<\/span>\n\t\t\t\t\t\t\t\t\t\t\t\t<a class=\"elementor-toggle-title\" tabindex=\"0\">Ouverture de dossier pour les nouveaux clients..<\/a>\n\t\t\t\t\t<\/div>\n\n\t\t\t\t\t<div id=\"elementor-tab-content-2121\" class=\"elementor-tab-content elementor-clearfix\" data-tab=\"1\" role=\"region\" aria-labelledby=\"elementor-tab-title-2121\"><p>Lors de votre premi\u00e8re r\u00e9servation, nous vous demanderons de remplir et de signer un document afin de compl\u00e9ter votre dossier. Par cette signature, vous vous engagez \u00e0 respecter les r\u00e8gles et le fonctionnement relatifs aux locations de salle au CSC des Grands Vents.<\/p><p>\u00a0<\/p><p>Pour la s\u00e9curit\u00e9 de tous, nous vous prions de v\u00e9rifier que l\u2019assurance responsabilit\u00e9 de votre organisation couvre les frais li\u00e9s \u00e0 d\u2019\u00e9ventuels dommages ou blessures survenant lors de vos activit\u00e9s \u00e0 l\u2019ext\u00e9rieur de votre organisme, y compris pendant vos locations au CSC des Grands Vents.<\/p><p>\u00a0<\/p><p>Nous vous recommandons \u00e9galement de d\u00e9signer au sein de votre \u00e9quipe une personne form\u00e9e aux premiers secours et \u00e0 la r\u00e9animation cardiorespiratoire, afin d\u2019\u00eatre pr\u00eate \u00e0 intervenir en cas de besoin.<\/p><\/div>\n\t\t\t\t<\/div>\n\t\t\t\t\t\t\t<div class=\"elementor-toggle-item\">\n\t\t\t\t\t<div id=\"elementor-tab-title-2122\" class=\"elementor-tab-title\" data-tab=\"2\" role=\"button\" aria-controls=\"elementor-tab-content-2122\" aria-expanded=\"false\">\n\t\t\t\t\t\t\t\t\t\t\t\t<span class=\"elementor-toggle-icon elementor-toggle-icon-left\" aria-hidden=\"true\">\n\t\t\t\t\t\t\t\t\t\t\t\t\t\t\t<span class=\"elementor-toggle-icon-closed\"><svg class=\"e-font-icon-svg e-fas-caret-right\" viewBox=\"0 0 192 512\" xmlns=\"http:\/\/www.w3.org\/2000\/svg\"><path d=\"M0 384.662V127.338c0-17.818 21.543-26.741 34.142-14.142l128.662 128.662c7.81 7.81 7.81 20.474 0 28.284L34.142 398.804C21.543 411.404 0 402.48 0 384.662z\"><\/path><\/svg><\/span>\n\t\t\t\t\t\t\t\t<span class=\"elementor-toggle-icon-opened\"><svg class=\"elementor-toggle-icon-opened e-font-icon-svg e-fas-caret-up\" viewBox=\"0 0 320 512\" xmlns=\"http:\/\/www.w3.org\/2000\/svg\"><path d=\"M288.662 352H31.338c-17.818 0-26.741-21.543-14.142-34.142l128.662-128.662c7.81-7.81 20.474-7.81 28.284 0l128.662 128.662c12.6 12.599 3.676 34.142-14.142 34.142z\"><\/path><\/svg><\/span>\n\t\t\t\t\t\t\t\t\t\t\t\t\t<\/span>\n\t\t\t\t\t\t\t\t\t\t\t\t<a class=\"elementor-toggle-title\" tabindex=\"0\">Facturation<\/a>\n\t\t\t\t\t<\/div>\n\n\t\t\t\t\t<div id=\"elementor-tab-content-2122\" class=\"elementor-tab-content elementor-clearfix\" data-tab=\"2\" role=\"region\" aria-labelledby=\"elementor-tab-title-2122\"><p>Lors de votre premi\u00e8re location, le montant total de la location, frais de conciergerie inclus selon la situation, devra \u00eatre r\u00e9gl\u00e9 avant l&rsquo;\u00e9v\u00e9nement. Si les frais de conciergerie diff\u00e8rent de ceux initialement factur\u00e9s, une seconde facture vous sera envoy\u00e9e ou un cr\u00e9dit sera appliqu\u00e9 \u00e0 votre prochaine location.<\/p><p>Pour les locations suivantes, votre facture vous sera envoy\u00e9e par courriel. Les paiements peuvent \u00eatre effectu\u00e9s par ch\u00e8que, en esp\u00e8ces, par virement Interac ou directement en ligne.\u00a0 \u00a0Veuillez noter que nous n&rsquo;acceptons pas les cartes de d\u00e9bit ni de cr\u00e9dit. Le paiement de la facture doit \u00eatre r\u00e9alis\u00e9 dans un d\u00e9lai de 30 jours \u00e0 compter de la date de facturation.<\/p><p><strong>Mode de r\u00e9servation<\/strong><br \/>Pour effectuer une r\u00e9servation, veuillez nous contacter par t\u00e9l\u00e9phone au (709) 757-2816 ou par courriel \u00e0 <a rel=\"noopener\">grands-vents@acfsj.ca<\/a>.<\/p><p><strong>Annulation<\/strong><\/p><p>Les frais d\u2019annulation s\u2019appliquent comme suit :<\/p><ul><li><strong>Pr\u00e9avis de 15 jours ouvrables<\/strong> : Aucuns frais d\u2019annulation.<\/li><li><strong>Pr\u00e9avis de 5 jours ouvrables<\/strong> : 50 % du montant de la location.<\/li><li><strong>Pr\u00e9avis de 2 jours ouvrables<\/strong> : Montant total de la location.<\/li><\/ul><p><strong>Exemple<\/strong> : Si vous avez une r\u00e9servation pour le mercredi 31 juillet, vous devez annuler avant le mercredi 10 juillet pour \u00e9viter des frais. Si l&rsquo;annulation se fait entre le 10 juillet et le 26 juillet, vous serez factur\u00e9 50 % du montant de la r\u00e9servation. Toute annulation effectu\u00e9e apr\u00e8s le 29 juillet (inclus) entra\u00eenera des frais \u00e9quivalents \u00e0 la somme totale.<\/p><p>Pour annuler une r\u00e9servation, veuillez nous appeler au (709) 757-2816 ou, si n\u00e9cessaire, envoyer un courriel \u00e0 <a rel=\"noopener\">grands-vents@acfsj.ca<\/a>.<\/p><\/div>\n\t\t\t\t<\/div>\n\t\t\t\t\t\t\t<div class=\"elementor-toggle-item\">\n\t\t\t\t\t<div id=\"elementor-tab-title-2123\" class=\"elementor-tab-title\" data-tab=\"3\" role=\"button\" aria-controls=\"elementor-tab-content-2123\" aria-expanded=\"false\">\n\t\t\t\t\t\t\t\t\t\t\t\t<span class=\"elementor-toggle-icon elementor-toggle-icon-left\" aria-hidden=\"true\">\n\t\t\t\t\t\t\t\t\t\t\t\t\t\t\t<span class=\"elementor-toggle-icon-closed\"><svg class=\"e-font-icon-svg e-fas-caret-right\" viewBox=\"0 0 192 512\" xmlns=\"http:\/\/www.w3.org\/2000\/svg\"><path d=\"M0 384.662V127.338c0-17.818 21.543-26.741 34.142-14.142l128.662 128.662c7.81 7.81 7.81 20.474 0 28.284L34.142 398.804C21.543 411.404 0 402.48 0 384.662z\"><\/path><\/svg><\/span>\n\t\t\t\t\t\t\t\t<span class=\"elementor-toggle-icon-opened\"><svg class=\"elementor-toggle-icon-opened e-font-icon-svg e-fas-caret-up\" viewBox=\"0 0 320 512\" xmlns=\"http:\/\/www.w3.org\/2000\/svg\"><path d=\"M288.662 352H31.338c-17.818 0-26.741-21.543-14.142-34.142l128.662-128.662c7.81-7.81 20.474-7.81 28.284 0l128.662 128.662c12.6 12.599 3.676 34.142-14.142 34.142z\"><\/path><\/svg><\/span>\n\t\t\t\t\t\t\t\t\t\t\t\t\t<\/span>\n\t\t\t\t\t\t\t\t\t\t\t\t<a class=\"elementor-toggle-title\" tabindex=\"0\">Fonctionnement<\/a>\n\t\t\t\t\t<\/div>\n\n\t\t\t\t\t<div id=\"elementor-tab-content-2123\" class=\"elementor-tab-content elementor-clearfix\" data-tab=\"3\" role=\"region\" aria-labelledby=\"elementor-tab-title-2123\"><h4>\u00c0 votre arriv\u00e9e<\/h4><p>Nous vous prions de vous pr\u00e9senter aux bureaux de l\u2019ACFSJ, suite 254, afin que la porte de la salle que vous avez lou\u00e9e soit d\u00e9verrouill\u00e9e. \u00c0 ce moment-l\u00e0, nous vous remettrons les accessoires et le mat\u00e9riel emprunt\u00e9s. Veuillez noter que nous n\u2019installons pas le mat\u00e9riel dans la salle pour vous. Il est de votre responsabilit\u00e9 de v\u00e9rifier que le mat\u00e9riel est en bon \u00e9tat au moment de sa prise en charge.<\/p><h4>Apr\u00e8s utilisation<\/h4><p>Vous devez retourner le mat\u00e9riel aux bureaux de l\u2019ACFSJ, salle 254. En votre absence, l\u2019ACFSJ se r\u00e9serve le droit de ne pas ouvrir la porte de la salle \u00e0 vos participants.<\/p><h4>Responsabilit\u00e9<\/h4><p>Le CSC des Grands Vents d\u00e9cline toute responsabilit\u00e9 en cas d&rsquo;objets perdus ou vol\u00e9s (bijoux, v\u00eatements, lunettes, portefeuilles, etc.).<\/p><h4>Confidentialit\u00e9 des locataires<\/h4><p>L\u2019ACFSJ s&rsquo;engage \u00e0 respecter la confidentialit\u00e9 des locataires du CSC des Grands Vents. Ainsi, nous ne divulguerons pas les noms des locataires \u00e0 tout autre organisme, groupe ou individu int\u00e9ress\u00e9 par la m\u00eame salle dans la m\u00eame plage horaire.<\/p><h4>Location cyclique ou \u00e0 long terme<\/h4><p>Le CSC des Grands Vents offre des options de location cyclique ou \u00e0 long terme, adapt\u00e9es \u00e0 vos besoins.<\/p><h4>Propret\u00e9 des salles<\/h4><p>Nous vous prions de maintenir la propret\u00e9 des salles durant votre location. Il est essentiel de respecter les lieux pour le confort de tous.<\/p><h4>Affichage de vos activit\u00e9s<\/h4><p>Si vous disposez de mat\u00e9riel publicitaire et souhaitez l&rsquo;afficher, veuillez en informer l\u2019ACFSJ, qui pourra vous fournir les indications n\u00e9cessaires. Plusieurs espaces d\u2019affichage sont disponibles : \u00e0 l\u2019entr\u00e9e du CSC des Grands Vents, \u00e0 l\u2019entr\u00e9e de votre espace lou\u00e9 ou sur le panneau d\u2019affichage. L\u2019ACFSJ peut \u00e9galement partager vos informations avec ses membres ou sur les r\u00e9seaux sociaux, \u00e0 condition que celles-ci soient en fran\u00e7ais ou, de pr\u00e9f\u00e9rence, bilingues.<\/p><h4>Animaux<\/h4><p>Les animaux sont strictement interdits dans le b\u00e2timent, \u00e0 l\u2019exception des chiens guides ou d\u2019assistance. Une demande sp\u00e9ciale peut \u00eatre faite pour des activit\u00e9s exceptionnelles (par exemple, la zooth\u00e9rapie).<\/p><h4>Permis d\u2019alcool<\/h4><p>L\u2019ACFSJ dispose d\u2019un permis de vente d\u2019alcool et peut offrir un service de bar. Merci de nous en informer d\u00e8s que possible pour que nous puissions coordonner ce service selon vos besoins.<\/p><h4>Service d\u2019incendie<\/h4><p>Veuillez noter qu\u2019un membre du personnel du Service des Incendies, division pr\u00e9vention, peut effectuer une visite des lieux et des installations \u00e0 tout moment durant votre r\u00e9servation. Si vous ne respectez pas les conditions \u00e9tablies lors du processus de validation avec ce service, votre activit\u00e9 pourrait \u00eatre annul\u00e9e sur-le-champ par l&rsquo;autorit\u00e9 comp\u00e9tente (pr\u00e9ventionniste, pompier, police). Le CSC des Grands Vents d\u00e9cline toute responsabilit\u00e9 pour les dommages occasionn\u00e9s, et aucun remboursement ne sera accord\u00e9.<\/p><p>Pour des raisons de s\u00e9curit\u00e9, il est interdit de laisser des objets dans les corridors.<\/p><h4>Fermeture du Centre<\/h4><p>Aucune r\u00e9servation de salle n\u2019est prise lorsque le CSC des Grands Vents est ferm\u00e9, tels que lors des cong\u00e9s f\u00e9ri\u00e9s :<\/p><ul><li>Fin de semaine de P\u00e2ques (vendredi et lundi inclus)<\/li><li>F\u00eate des Patriotes (Le lundi pr\u00e9c\u00e9dent le 25 mai)<\/li><li>La Saint-Jean-Baptiste (24 juin)<\/li><li>La Conf\u00e9d\u00e9ration (1er juillet)<\/li><li>Journ\u00e9e des R\u00e9gates (1er mercredi du mois d\u2019ao\u00fbt)<\/li><li>F\u00eate de l\u2019Acadie (15 ao\u00fbt)<\/li><li>F\u00eate du travail (1er lundi du mois de septembre)<\/li><li>Journ\u00e9e nationale de la v\u00e9rit\u00e9 et de la r\u00e9conciliation (30 septembre)<\/li><li>Action de gr\u00e2ce (2\u00e8me lundi du mois d\u2019octobre).<\/li><\/ul><p>Prenez note que le Centre sera \u00e9galement ferm\u00e9 deux semaines pour les vacances de No\u00ebl.<\/p><\/div>\n\t\t\t\t<\/div>\n\t\t\t\t\t\t\t<div class=\"elementor-toggle-item\">\n\t\t\t\t\t<div id=\"elementor-tab-title-2124\" class=\"elementor-tab-title\" data-tab=\"4\" role=\"button\" aria-controls=\"elementor-tab-content-2124\" aria-expanded=\"false\">\n\t\t\t\t\t\t\t\t\t\t\t\t<span class=\"elementor-toggle-icon elementor-toggle-icon-left\" aria-hidden=\"true\">\n\t\t\t\t\t\t\t\t\t\t\t\t\t\t\t<span class=\"elementor-toggle-icon-closed\"><svg class=\"e-font-icon-svg e-fas-caret-right\" viewBox=\"0 0 192 512\" xmlns=\"http:\/\/www.w3.org\/2000\/svg\"><path d=\"M0 384.662V127.338c0-17.818 21.543-26.741 34.142-14.142l128.662 128.662c7.81 7.81 7.81 20.474 0 28.284L34.142 398.804C21.543 411.404 0 402.48 0 384.662z\"><\/path><\/svg><\/span>\n\t\t\t\t\t\t\t\t<span class=\"elementor-toggle-icon-opened\"><svg class=\"elementor-toggle-icon-opened e-font-icon-svg e-fas-caret-up\" viewBox=\"0 0 320 512\" xmlns=\"http:\/\/www.w3.org\/2000\/svg\"><path d=\"M288.662 352H31.338c-17.818 0-26.741-21.543-14.142-34.142l128.662-128.662c7.81-7.81 20.474-7.81 28.284 0l128.662 128.662c12.6 12.599 3.676 34.142-14.142 34.142z\"><\/path><\/svg><\/span>\n\t\t\t\t\t\t\t\t\t\t\t\t\t<\/span>\n\t\t\t\t\t\t\t\t\t\t\t\t<a class=\"elementor-toggle-title\" tabindex=\"0\">Conciergerie<\/a>\n\t\t\t\t\t<\/div>\n\n\t\t\t\t\t<div id=\"elementor-tab-content-2124\" class=\"elementor-tab-content elementor-clearfix\" data-tab=\"4\" role=\"region\" aria-labelledby=\"elementor-tab-title-2124\"><p>Si votre organisme n\u2019est pas locataire au CSC des Grands Vents et que vous souhaitez louer une salle en soir\u00e9e, sachez que l\u2019appariteur est disponible du lundi au vendredi jusqu&rsquo;\u00e0 22 h. Pour les locations le samedi et le dimanche durant l&rsquo;\u00e9t\u00e9, des frais suppl\u00e9mentaires de 40 $\/heure, avec un minimum de 3 heures, seront appliqu\u00e9s pour le service d\u2019appariteur. Vous serez inform\u00e9 de ces frais lors de votre r\u00e9servation.<\/p><p>Veuillez \u00e9galement noter que nos tarifs peuvent varier. Des prix r\u00e9duits peuvent \u00eatre propos\u00e9s en fonction de la p\u00e9riode, de la dur\u00e9e et des conditions de la location. Les membres de l\u2019Association Communautaire Francophone de St. Jean (ACFSJ) b\u00e9n\u00e9ficient d\u2019un tarif pr\u00e9f\u00e9rentiel.<\/p><\/div>\n\t\t\t\t<\/div>\n\t\t\t\t\t\t\t\t<\/div>\n\t\t\t\t\t\t<\/div>\n\t\t\t\t<div class=\"elementor-element elementor-element-8cd2817 elementor-widget elementor-widget-text-editor\" data-id=\"8cd2817\" data-element_type=\"widget\" data-widget_type=\"text-editor.default\">\n\t\t\t\t\t\t\t\t\t<p><strong>Nous contacter<\/strong><br \/>Pour toute demande d\u2019information, veuillez contacter :<\/p>\n<p><strong>Coordination du Centre des Grands-Vents<\/strong><br \/>T\u00e9l\u00e9phone : (709) 757-2816<br \/>Adresse courriel : <a rel=\"noopener\">grands-vents@acfsj.ca<\/a><\/p>\t\t\t\t\t\t\t\t<\/div>\n\t\t\t\t\t<\/div>\n\t\t\t\t<\/div>\n\t\t\t\t<\/div>\n\t\t","protected":false},"excerpt":{"rendered":"<p>Location d&rsquo;espaces Configuration des salles Des salles polyvalentes adapt\u00e9es \u00e0 tous vos besoins Que ce soit pour des pr\u00e9sentations, des sessions de formation, des r\u00e9unions d\u2019\u00e9quipe ou des comit\u00e9s, nous vous proposons un mobilier con\u00e7u pour favoriser l\u2019interaction et la collaboration. Horaires d\u2019ouvertureP\u00e9riode scolaire (1er septembre au 30 juin): Lundi au vendredi : 8h30 &#8211; [&hellip;]<\/p>\n","protected":false},"author":1,"featured_media":0,"parent":0,"menu_order":0,"comment_status":"closed","ping_status":"closed","template":"","meta":{"footnotes":""},"class_list":["post-248","page","type-page","status-publish","hentry","entry"],"_links":{"self":[{"href":"https:\/\/acfsj.ca\/fr\/wp-json\/wp\/v2\/pages\/248","targetHints":{"allow":["GET"]}}],"collection":[{"href":"https:\/\/acfsj.ca\/fr\/wp-json\/wp\/v2\/pages"}],"about":[{"href":"https:\/\/acfsj.ca\/fr\/wp-json\/wp\/v2\/types\/page"}],"author":[{"embeddable":true,"href":"https:\/\/acfsj.ca\/fr\/wp-json\/wp\/v2\/users\/1"}],"replies":[{"embeddable":true,"href":"https:\/\/acfsj.ca\/fr\/wp-json\/wp\/v2\/comments?post=248"}],"version-history":[{"count":38,"href":"https:\/\/acfsj.ca\/fr\/wp-json\/wp\/v2\/pages\/248\/revisions"}],"predecessor-version":[{"id":36954,"href":"https:\/\/acfsj.ca\/fr\/wp-json\/wp\/v2\/pages\/248\/revisions\/36954"}],"wp:attachment":[{"href":"https:\/\/acfsj.ca\/fr\/wp-json\/wp\/v2\/media?parent=248"}],"curies":[{"name":"wp","href":"https:\/\/api.w.org\/{rel}","templated":true}]}}