{"id":14090,"date":"2025-01-22T11:07:55","date_gmt":"2025-01-22T14:37:55","guid":{"rendered":"https:\/\/acfsj.ca\/?page_id=14090"},"modified":"2025-08-21T10:24:44","modified_gmt":"2025-08-21T12:54:44","slug":"renseignement_programme_jeunesse","status":"publish","type":"page","link":"https:\/\/acfsj.ca\/fr\/renseignement_programme_jeunesse\/","title":{"rendered":"Renseignement programme jeunesse"},"content":{"rendered":"\t\t<div data-elementor-type=\"wp-page\" data-elementor-id=\"14090\" class=\"elementor elementor-14090\" data-elementor-post-type=\"page\">\n\t\t\t\t<div class=\"elementor-element elementor-element-2915abf e-flex e-con-boxed e-con e-parent\" data-id=\"2915abf\" data-element_type=\"container\" data-e-type=\"container\">\n\t\t\t\t\t<div class=\"e-con-inner\">\n\t\t\t\t<div class=\"elementor-element elementor-element-62ed41f elementor-widget elementor-widget-heading\" data-id=\"62ed41f\" data-element_type=\"widget\" data-e-type=\"widget\" data-widget_type=\"heading.default\">\n\t\t\t\t\t<h2 class=\"elementor-heading-title elementor-size-default\">Bienvenue sur notre portail d'enregistrement <\/h2>\t\t\t\t<\/div>\n\t\t\t\t\t<\/div>\n\t\t\t\t<\/div>\n\t\t<div class=\"elementor-element elementor-element-ad223ab e-flex e-con-boxed e-con e-parent\" data-id=\"ad223ab\" data-element_type=\"container\" data-e-type=\"container\">\n\t\t\t\t\t<div class=\"e-con-inner\">\n\t\t<div class=\"elementor-element elementor-element-95e11c9 e-con-full e-flex e-con e-child\" data-id=\"95e11c9\" data-element_type=\"container\" data-e-type=\"container\">\n\t\t\t\t<div class=\"elementor-element elementor-element-019584f elementor-widget elementor-widget-text-editor\" data-id=\"019584f\" data-element_type=\"widget\" data-e-type=\"widget\" data-widget_type=\"text-editor.default\">\n\t\t\t\t\t\t\t\t\t<p>Pour \u00eatre en mesure d&rsquo;inscrire aux enfants en un de nos programmes jeunesse nous devons r\u00e9colter certaines informations personnelles.<\/p>\t\t\t\t\t\t\t\t<\/div>\n\t\t\t\t<div class=\"elementor-element elementor-element-2296ddb elementor-widget elementor-widget-text-editor\" data-id=\"2296ddb\" data-element_type=\"widget\" data-e-type=\"widget\" data-widget_type=\"text-editor.default\">\n\t\t\t\t\t\t\t\t\t<ol><li>Attention !!! Cette \u00e9tape prend environ 5 \u00e0 10 min \u00e0 remplir et vous n&rsquo;aurez qu&rsquo;\u00e0 la remplir une seule fois.<\/li><li>\u00a0Ce syst\u00e8me est con\u00e7u afin d&rsquo;\u00eatre en mesure de v\u00e9rifier sur notre base de donn\u00e9es si vous y \u00eates d\u00e9j\u00e0.<ul><li>Si vous n&rsquo;y \u00eates pas le syst\u00e8me cr\u00e9era un contact.<\/li><li>Si vous y \u00eates le syst\u00e8me trouvera une correspondance et vous pourrez y faire des mises \u00e0 jours.<\/li><\/ul><\/li><li>Dans les deux (2) cas le syst\u00e8me vous am\u00e8nera sur le formulaire plus large d&rsquo;information pour l&rsquo;inscription aux programmes jeunesses.<\/li><\/ol>\t\t\t\t\t\t\t\t<\/div>\n\t\t\t\t<\/div>\n\t\t<div class=\"elementor-element elementor-element-4f80dce e-con-full e-flex e-con e-child\" data-id=\"4f80dce\" data-element_type=\"container\" data-e-type=\"container\">\n\t\t<div class=\"elementor-element elementor-element-b648e8d e-con-full e-flex e-con e-child\" data-id=\"b648e8d\" data-element_type=\"container\" data-e-type=\"container\">\n\t\t\t\t<div class=\"elementor-element elementor-element-6dd9217 elementor-button-info elementor-widget elementor-widget-button\" data-id=\"6dd9217\" data-element_type=\"widget\" data-e-type=\"widget\" data-widget_type=\"button.default\">\n\t\t\t\t\t\t\t\t\t\t<a class=\"elementor-button elementor-button-link elementor-size-sm\" href=\"\/civicrm\/Renseignements_PJ_An\/\">\n\t\t\t\t\t\t<span class=\"elementor-button-content-wrapper\">\n\t\t\t\t\t\t\t\t\t<span class=\"elementor-button-text\">Commencer le processus<\/span>\n\t\t\t\t\t<\/span>\n\t\t\t\t\t<\/a>\n\t\t\t\t\t\t\t\t<\/div>\n\t\t\t\t<div class=\"elementor-element elementor-element-52c186b elementor-widget elementor-widget-spacer\" data-id=\"52c186b\" data-element_type=\"widget\" data-e-type=\"widget\" data-widget_type=\"spacer.default\">\n\t\t\t\t\t\t\t<div class=\"elementor-spacer\">\n\t\t\t<div class=\"elementor-spacer-inner\"><\/div>\n\t\t<\/div>\n\t\t\t\t\t\t<\/div>\n\t\t\t\t<\/div>\n\t\t<div class=\"elementor-element elementor-element-62d5c93 e-con-full e-flex e-con e-child\" data-id=\"62d5c93\" data-element_type=\"container\" data-e-type=\"container\">\n\t\t\t\t<div class=\"elementor-element elementor-element-d67f63e elementor-widget elementor-widget-button\" data-id=\"d67f63e\" data-element_type=\"widget\" data-e-type=\"widget\" data-widget_type=\"button.default\">\n\t\t\t\t\t\t\t\t\t\t<a class=\"elementor-button elementor-button-link elementor-size-sm\" href=\"#elementor-action%3Aaction%3Dpopup%3Aopen%26settings%3DeyJpZCI6IjE0MTA5IiwidG9nZ2xlIjpmYWxzZX0%3D\">\n\t\t\t\t\t\t<span class=\"elementor-button-content-wrapper\">\n\t\t\t\t\t\t\t\t\t<span class=\"elementor-button-text\">Wiki<\/span>\n\t\t\t\t\t<\/span>\n\t\t\t\t\t<\/a>\n\t\t\t\t\t\t\t\t<\/div>\n\t\t\t\t<\/div>\n\t\t\t\t<\/div>\n\t\t\t\t\t<\/div>\n\t\t\t\t<\/div>\n\t\t\t\t<\/div>\n\t\t","protected":false},"excerpt":{"rendered":"<p>Bienvenue sur notre portail d&rsquo;enregistrement Pour \u00eatre en mesure d&rsquo;inscrire aux enfants en un de nos programmes jeunesse nous devons r\u00e9colter certaines informations personnelles. Attention !!! Cette \u00e9tape prend environ 5 \u00e0 10 min \u00e0 remplir et vous n&rsquo;aurez qu&rsquo;\u00e0 la remplir une seule fois. \u00a0Ce syst\u00e8me est con\u00e7u afin d&rsquo;\u00eatre en mesure de v\u00e9rifier [&hellip;]<\/p>\n","protected":false},"author":2,"featured_media":0,"parent":0,"menu_order":0,"comment_status":"closed","ping_status":"closed","template":"","meta":{"footnotes":""},"class_list":["post-14090","page","type-page","status-publish","hentry","entry"],"_links":{"self":[{"href":"https:\/\/acfsj.ca\/fr\/wp-json\/wp\/v2\/pages\/14090","targetHints":{"allow":["GET"]}}],"collection":[{"href":"https:\/\/acfsj.ca\/fr\/wp-json\/wp\/v2\/pages"}],"about":[{"href":"https:\/\/acfsj.ca\/fr\/wp-json\/wp\/v2\/types\/page"}],"author":[{"embeddable":true,"href":"https:\/\/acfsj.ca\/fr\/wp-json\/wp\/v2\/users\/2"}],"replies":[{"embeddable":true,"href":"https:\/\/acfsj.ca\/fr\/wp-json\/wp\/v2\/comments?post=14090"}],"version-history":[{"count":26,"href":"https:\/\/acfsj.ca\/fr\/wp-json\/wp\/v2\/pages\/14090\/revisions"}],"predecessor-version":[{"id":34588,"href":"https:\/\/acfsj.ca\/fr\/wp-json\/wp\/v2\/pages\/14090\/revisions\/34588"}],"wp:attachment":[{"href":"https:\/\/acfsj.ca\/fr\/wp-json\/wp\/v2\/media?parent=14090"}],"curies":[{"name":"wp","href":"https:\/\/api.w.org\/{rel}","templated":true}]}}