{"id":1315,"date":"2020-10-19T15:37:58","date_gmt":"2020-10-19T18:07:58","guid":{"rendered":"https:\/\/wp.acfsj.ca\/?page_id=1315"},"modified":"2025-06-04T14:28:55","modified_gmt":"2025-06-04T16:58:55","slug":"devenir-benevole","status":"publish","type":"page","link":"https:\/\/acfsj.ca\/fr\/devenir-benevole\/","title":{"rendered":"Devenir b\u00e9n\u00e9vole"},"content":{"rendered":"\t\t<div data-elementor-type=\"wp-page\" data-elementor-id=\"1315\" class=\"elementor elementor-1315\" data-elementor-post-type=\"page\">\n\t\t\t\t<div class=\"elementor-element elementor-element-3a99b3f3 e-flex e-con-boxed e-con e-parent\" data-id=\"3a99b3f3\" data-element_type=\"container\">\n\t\t\t\t\t<div class=\"e-con-inner\">\n\t\t\t\t<div class=\"elementor-element elementor-element-8e3b525 elementor-widget elementor-widget-heading\" data-id=\"8e3b525\" data-element_type=\"widget\" data-widget_type=\"heading.default\">\n\t\t\t\t\t<h2 class=\"elementor-heading-title elementor-size-default\">DEVENIR B\u00c9N\u00c9VOLE<\/h2>\t\t\t\t<\/div>\n\t\t\t\t<div class=\"elementor-element elementor-element-dafd550 elementor-widget elementor-widget-text-editor\" data-id=\"dafd550\" data-element_type=\"widget\" data-widget_type=\"text-editor.default\">\n\t\t\t\t\t\t\t\t\t<blockquote class=\"wp-block-quote has-white-color has-text-color has-link-color has-medium-font-size wp-elements-0fc9f6408f6e4a6a213217194cc2333f is-layout-flow wp-block-quote-is-layout-flow\">\n<p class=\"has-white-color has-text-color has-link-color wp-elements-b925eabcb07da1e251c1210ca1746da8\"><span style=\"color: #000000;\"><em>L\u2019Association communautaire francophone de Saint-Jean (ACFSJ) est un organisme \u00e0 but non lucratif qui offre une grande vari\u00e9t\u00e9 d\u2019activit\u00e9s et de services pour tous\u00a0les\u00a0go\u00fbts et tous\u00a0les\u00a0budgets. La plupart de nos activit\u00e9s se d\u00e9roulent au Centre communautaire des Grands-Vents. Nos activit\u00e9s sont inspir\u00e9es et adapt\u00e9es\u00a0\u00e0 la diversit\u00e9 de notre communaut\u00e9 francophone et francophile de la r\u00e9gion de Saint-Jean.\u00a0<\/em><\/span><\/p>\n<\/blockquote>\n<p class=\"has-white-color has-text-color has-link-color has-medium-font-size wp-elements-eeb9907da285b44bb7636528c2167472\"><span style=\"color: #000000;\"><strong>Nous sommes toujours \u00e0 la recherche de\u00a0b\u00e9n\u00e9voles\u00a0pour nous aider \u00e0 atteindre nos objectifs lors de nos activit\u00e9s et de nos programmes.\u00a0<\/strong><\/span><\/p>\t\t\t\t\t\t\t\t<\/div>\n\t\t\t\t<div class=\"elementor-element elementor-element-5709e99 elementor-tabs-view-horizontal elementor-widget elementor-widget-tabs\" data-id=\"5709e99\" data-element_type=\"widget\" data-widget_type=\"tabs.default\">\n\t\t\t\t\t\t\t<div class=\"elementor-tabs\">\n\t\t\t<div class=\"elementor-tabs-wrapper\" role=\"tablist\" >\n\t\t\t\t\t\t\t\t\t<div id=\"elementor-tab-title-9121\" class=\"elementor-tab-title elementor-tab-desktop-title\" aria-selected=\"true\" data-tab=\"1\" role=\"tab\" tabindex=\"0\" aria-controls=\"elementor-tab-content-9121\" aria-expanded=\"false\">B\u00c9N\u00c9VOLES ( 19 ans +)<\/div>\n\t\t\t\t\t\t\t\t\t<div id=\"elementor-tab-title-9122\" class=\"elementor-tab-title elementor-tab-desktop-title\" aria-selected=\"false\" data-tab=\"2\" role=\"tab\" tabindex=\"-1\" aria-controls=\"elementor-tab-content-9122\" aria-expanded=\"false\">B\u00c9N\u00c9VOLES ( -19 ans)<\/div>\n\t\t\t\t\t\t\t\t\t<div id=\"elementor-tab-title-9123\" class=\"elementor-tab-title elementor-tab-desktop-title\" aria-selected=\"false\" data-tab=\"3\" role=\"tab\" tabindex=\"-1\" aria-controls=\"elementor-tab-content-9123\" aria-expanded=\"false\">Contact<\/div>\n\t\t\t\t\t\t\t<\/div>\n\t\t\t<div class=\"elementor-tabs-content-wrapper\" role=\"tablist\" aria-orientation=\"vertical\">\n\t\t\t\t\t\t\t\t\t<div class=\"elementor-tab-title elementor-tab-mobile-title\" aria-selected=\"true\" data-tab=\"1\" role=\"tab\" tabindex=\"0\" aria-controls=\"elementor-tab-content-9121\" aria-expanded=\"false\">B\u00c9N\u00c9VOLES ( 19 ans +)<\/div>\n\t\t\t\t\t<div id=\"elementor-tab-content-9121\" class=\"elementor-tab-content elementor-clearfix\" data-tab=\"1\" role=\"tabpanel\" aria-labelledby=\"elementor-tab-title-9121\" tabindex=\"0\" hidden=\"false\"><h3>Les\u00a0b\u00e9n\u00e9voles\u00a0peuvent s\u2019impliquer de plusieurs mani\u00e8res\u00a0:\u00a0<\/h3><ul><li>Activit\u00e9 et \u00e9v\u00e9nement: Aide \u00e0 la distribution d\u2019affiches, aide \u00e0 la pr\u00e9paration et mise en place des espaces, aide et soutien lors des activit\u00e9s, aide pour le rangement.<\/li><li>R\u00e9guli\u00e8rement: Par exemple \u00e0 la biblioth\u00e8que ou au Club du samedi<\/li><li>Ponctuellement: Lors d\u2019une ou plusieurs activit\u00e9, par exemple:\u00a0\u00e9v\u00e9nement sp\u00e9cial, activit\u00e9s de No\u00ebl ou Halloween.<\/li><li>\u00catre membre du conseil d\u2019administration\u00a0(\u00a0+19 et plus ).<\/li><\/ul><p>Il existe de nombreuses fa\u00e7ons pour une personne de s\u2019impliquer b\u00e9n\u00e9volement avec L\u2019Association communautaire francophone de Saint-Jean (ACFSJ) et de contribuer au rayonnement de notre communaut\u00e9.<\/p><\/div>\n\t\t\t\t\t\t\t\t\t<div class=\"elementor-tab-title elementor-tab-mobile-title\" aria-selected=\"false\" data-tab=\"2\" role=\"tab\" tabindex=\"-1\" aria-controls=\"elementor-tab-content-9122\" aria-expanded=\"false\">B\u00c9N\u00c9VOLES ( -19 ans)<\/div>\n\t\t\t\t\t<div id=\"elementor-tab-content-9122\" class=\"elementor-tab-content elementor-clearfix\" data-tab=\"2\" role=\"tabpanel\" aria-labelledby=\"elementor-tab-title-9122\" tabindex=\"0\" hidden=\"hidden\"><h3>Les\u00a0b\u00e9n\u00e9voles\u00a0peuvent s\u2019impliquer de plusieurs mani\u00e8res\u00a0:\u00a0<\/h3><ul><li><p>Activit\u00e9 et \u00e9v\u00e9nement: Aide \u00e0 la distribution d\u2019affiches, aide \u00e0 la pr\u00e9paration et mise en place des espaces, aide et soutien lors des activit\u00e9s, aide pour le rangement.<\/p><\/li><li><p>R\u00e9guli\u00e8rement: Par exemple \u00e0 la biblioth\u00e8que ou au Club du samedi<\/p><\/li><li><p>\u00a0Ponctuellement: Lors d\u2019une ou plusieurs activit\u00e9, par exemple:\u00a0\u00e9v\u00e9nement sp\u00e9cial, activit\u00e9s de No\u00ebl ou Halloween.<\/p><\/li><\/ul><p>Le\u00a0b\u00e9n\u00e9volat\u00a0pour nos jeunes est encourag\u00e9, cela permet de gagner de l\u2019exp\u00e9rience professionnelle, de s\u2019impliquer dans sa communaut\u00e9, de mieux la comprendre et de contribuer de mani\u00e8re active \u00e0 son rayonnement!\u00a0(voir le Guide du jeune\u00a0b\u00e9n\u00e9vole\u00a0pour plus d\u2019informations)<\/p><\/div>\n\t\t\t\t\t\t\t\t\t<div class=\"elementor-tab-title elementor-tab-mobile-title\" aria-selected=\"false\" data-tab=\"3\" role=\"tab\" tabindex=\"-1\" aria-controls=\"elementor-tab-content-9123\" aria-expanded=\"false\">Contact<\/div>\n\t\t\t\t\t<div id=\"elementor-tab-content-9123\" class=\"elementor-tab-content elementor-clearfix\" data-tab=\"3\" role=\"tabpanel\" aria-labelledby=\"elementor-tab-title-9123\" tabindex=\"0\" hidden=\"hidden\"><p><strong>Par t\u00e9l\u00e9phone<\/strong>: 709-726-4900<\/p><p><strong>Par courriel<\/strong>: Info@acfsj.ca<\/p><p><strong>En Personne:<\/strong><\/p><p>CSC des Grands Vents<br \/>65, Chemin Ridge<br \/>St. Jean (TNL)<br \/>A1B 4P5<\/p><\/div>\n\t\t\t\t\t\t\t<\/div>\n\t\t<\/div>\n\t\t\t\t\t\t<\/div>\n\t\t\t\t<div class=\"elementor-element elementor-element-2a6c2ce elementor-button-info elementor-widget elementor-widget-button\" data-id=\"2a6c2ce\" data-element_type=\"widget\" data-widget_type=\"button.default\">\n\t\t\t\t\t\t\t\t\t\t<a class=\"elementor-button elementor-button-link elementor-size-sm\" href=\"https:\/\/acfsj.ca\/fr\/civicrm\/nouveau-benevole\/\">\n\t\t\t\t\t\t<span class=\"elementor-button-content-wrapper\">\n\t\t\t\t\t\t\t\t\t<span class=\"elementor-button-text\">Postuler comme b\u00e9n\u00e9vole<\/span>\n\t\t\t\t\t<\/span>\n\t\t\t\t\t<\/a>\n\t\t\t\t\t\t\t\t<\/div>\n\t\t\t\t\t<\/div>\n\t\t\t\t<\/div>\n\t\t<div class=\"elementor-element elementor-element-1c00cad e-grid e-con-boxed e-con e-parent\" data-id=\"1c00cad\" data-element_type=\"container\">\n\t\t\t\t\t<div class=\"e-con-inner\">\n\t\t\t\t<div class=\"elementor-element elementor-element-bf56e6c elementor-widget elementor-widget-image\" data-id=\"bf56e6c\" data-element_type=\"widget\" data-widget_type=\"image.default\">\n\t\t\t\t\t\t\t\t\t\t\t\t\t\t\t<img decoding=\"async\" src=\"https:\/\/acfsj.ca\/sites\/acfsj.ca\/wp-content\/uploads\/2024\/07\/Logofacebook-scaled.gif\" title=\"\" alt=\"\" loading=\"lazy\" \/>\t\t\t\t\t\t\t\t\t\t\t\t\t\t\t<\/div>\n\t\t\t\t<div class=\"elementor-element elementor-element-afec53e elementor-widget elementor-widget-image\" data-id=\"afec53e\" data-element_type=\"widget\" data-widget_type=\"image.default\">\n\t\t\t\t\t\t\t\t\t\t\t\t\t\t\t<img fetchpriority=\"high\" decoding=\"async\" width=\"300\" height=\"236\" src=\"https:\/\/acfsj.ca\/sites\/acfsj.ca\/wp-content\/uploads\/2025\/03\/CSCGV_Logo-300x236.png\" class=\"attachment-medium size-medium wp-image-19331\" alt=\"\" srcset=\"https:\/\/acfsj.ca\/sites\/acfsj.ca\/wp-content\/uploads\/2025\/03\/CSCGV_Logo-300x236.png 300w, https:\/\/acfsj.ca\/sites\/acfsj.ca\/wp-content\/uploads\/2025\/03\/CSCGV_Logo-768x605.png 768w, https:\/\/acfsj.ca\/sites\/acfsj.ca\/wp-content\/uploads\/2025\/03\/CSCGV_Logo-15x12.png 15w, https:\/\/acfsj.ca\/sites\/acfsj.ca\/wp-content\/uploads\/2025\/03\/CSCGV_Logo.png 782w\" sizes=\"(max-width: 300px) 100vw, 300px\" \/>\t\t\t\t\t\t\t\t\t\t\t\t\t\t\t<\/div>\n\t\t\t\t\t<\/div>\n\t\t\t\t<\/div>\n\t\t\t\t<\/div>\n\t\t","protected":false},"excerpt":{"rendered":"<p>DEVENIR B\u00c9N\u00c9VOLE L\u2019Association communautaire francophone de Saint-Jean (ACFSJ) est un organisme \u00e0 but non lucratif qui offre une grande vari\u00e9t\u00e9 d\u2019activit\u00e9s et de services pour tous\u00a0les\u00a0go\u00fbts et tous\u00a0les\u00a0budgets. La plupart de nos activit\u00e9s se d\u00e9roulent au Centre communautaire des Grands-Vents. Nos activit\u00e9s sont inspir\u00e9es et adapt\u00e9es\u00a0\u00e0 la diversit\u00e9 de notre communaut\u00e9 francophone et francophile de [&hellip;]<\/p>\n","protected":false},"author":1,"featured_media":0,"parent":0,"menu_order":0,"comment_status":"closed","ping_status":"closed","template":"","meta":{"footnotes":""},"class_list":["post-1315","page","type-page","status-publish","hentry","entry"],"_links":{"self":[{"href":"https:\/\/acfsj.ca\/fr\/wp-json\/wp\/v2\/pages\/1315","targetHints":{"allow":["GET"]}}],"collection":[{"href":"https:\/\/acfsj.ca\/fr\/wp-json\/wp\/v2\/pages"}],"about":[{"href":"https:\/\/acfsj.ca\/fr\/wp-json\/wp\/v2\/types\/page"}],"author":[{"embeddable":true,"href":"https:\/\/acfsj.ca\/fr\/wp-json\/wp\/v2\/users\/1"}],"replies":[{"embeddable":true,"href":"https:\/\/acfsj.ca\/fr\/wp-json\/wp\/v2\/comments?post=1315"}],"version-history":[{"count":27,"href":"https:\/\/acfsj.ca\/fr\/wp-json\/wp\/v2\/pages\/1315\/revisions"}],"predecessor-version":[{"id":32714,"href":"https:\/\/acfsj.ca\/fr\/wp-json\/wp\/v2\/pages\/1315\/revisions\/32714"}],"wp:attachment":[{"href":"https:\/\/acfsj.ca\/fr\/wp-json\/wp\/v2\/media?parent=1315"}],"curies":[{"name":"wp","href":"https:\/\/api.w.org\/{rel}","templated":true}]}}