{"id":486,"date":"2020-09-28T17:45:36","date_gmt":"2020-09-28T20:15:36","guid":{"rendered":"https:\/\/wp.acfsj.ca\/?page_id=486"},"modified":"2025-03-06T09:28:27","modified_gmt":"2025-03-06T12:58:27","slug":"notre-bibliotheque","status":"publish","type":"page","link":"https:\/\/acfsj.ca\/en\/notre-bibliotheque\/","title":{"rendered":"Our Library"},"content":{"rendered":"<div data-elementor-type=\"wp-page\" data-elementor-id=\"486\" class=\"elementor elementor-486\" data-elementor-post-type=\"page\">\n\t\t\t\t<div class=\"elementor-element elementor-element-17aec3e7 e-flex e-con-boxed e-con e-parent\" data-id=\"17aec3e7\" data-element_type=\"container\" data-e-type=\"container\">\n\t\t\t\t\t<div class=\"e-con-inner\">\n\t\t\t\t<div class=\"elementor-element elementor-element-1b6cc42 elementor-widget elementor-widget-heading\" data-id=\"1b6cc42\" data-element_type=\"widget\" data-e-type=\"widget\" data-widget_type=\"heading.default\">\n\t\t\t\t\t<h2 class=\"elementor-heading-title elementor-size-default\">OUR LIBRARY<\/h2>\t\t\t\t<\/div>\n\t\t\t\t<div class=\"elementor-element elementor-element-8305110 elementor-widget elementor-widget-text-editor\" data-id=\"8305110\" data-element_type=\"widget\" data-e-type=\"widget\" data-widget_type=\"text-editor.default\">\n\t\t\t\t\t\t\t\t\t<h4>CSC des Grands Vents<\/h4>\n<p>65 Ridge Road<\/p>\n<p>St. John (NL)<\/p>\n<p>A1B 4P5<\/p>\n\n&nbsp;\n\n<h4>Schedules :<\/h4>\n<p><strong>Monday to Friday, after 3 p.m.<\/strong><\/p>\n\n<p>The CSC des Grands Vents library offers a wide range of resources in French and welcomes you all year round for various activities! It serves not only the school&#039;s students, but also French speakers and the general public in the Saint-Jean region.<\/p>\n\n&nbsp;\n\n<p>In addition to an extensive collection of books for adults, young people and children, we also offer a large selection of DVD movies, hundreds of music discs, as well as free Internet access.<\/p>\n\n&nbsp;\n\n<p><em>To benefit from our services, it is important that your membership is up to date. Be sure to check your status and renew if necessary. If you have any questions or need assistance with your membership, please do not hesitate to contact us.<\/em><\/p>\t\t\t\t\t\t\t\t<\/div>\n\t\t\t\t<div class=\"elementor-element elementor-element-a979b25 elementor-tabs-view-horizontal elementor-widget elementor-widget-tabs\" data-id=\"a979b25\" data-element_type=\"widget\" data-e-type=\"widget\" data-widget_type=\"tabs.default\">\n\t\t\t\t\t\t\t<div class=\"elementor-tabs\">\n\t\t\t<div class=\"elementor-tabs-wrapper\" role=\"tablist\" >\n\t\t\t\t\t\t\t\t\t<div id=\"elementor-tab-title-1771\" class=\"elementor-tab-title elementor-tab-desktop-title\" aria-selected=\"true\" data-tab=\"1\" role=\"tab\" tabindex=\"0\" aria-controls=\"elementor-tab-content-1771\" aria-expanded=\"false\">Library.<\/div>\n\t\t\t\t\t\t\t<\/div>\n\t\t\t<div class=\"elementor-tabs-content-wrapper\" role=\"tablist\" aria-orientation=\"vertical\">\n\t\t\t\t\t\t\t\t\t<div class=\"elementor-tab-title elementor-tab-mobile-title\" aria-selected=\"true\" data-tab=\"1\" role=\"tab\" tabindex=\"0\" aria-controls=\"elementor-tab-content-1771\" aria-expanded=\"false\">Library.<\/div>\n\t\t\t\t\t<div id=\"elementor-tab-content-1771\" class=\"elementor-tab-content elementor-clearfix\" data-tab=\"1\" role=\"tabpanel\" aria-labelledby=\"elementor-tab-title-1771\" tabindex=\"0\" hidden=\"false\"><p>Book lending;<br \/>Film (DVD) lending;<br \/>Access to reference books (dictionaries, magazines, etc.)<\/p><\/div>\n\t\t\t\t\t\t\t<\/div>\n\t\t<\/div>\n\t\t\t\t\t\t<\/div>\n\t\t\t\t<div class=\"elementor-element elementor-element-7f2ab54 elementor-widget elementor-widget-text-editor\" data-id=\"7f2ab54\" data-element_type=\"widget\" data-e-type=\"widget\" data-widget_type=\"text-editor.default\">\n\t\t\t\t\t\t\t\t\t<p><strong>Contact Us<\/strong><br \/>For any information request, please contact:<\/p><p>Phone: (709) 726-4900<br \/>Email address: info@acfsj.ca\u00a0<\/p>\t\t\t\t\t\t\t\t<\/div>\n\t\t\t\t\t<\/div>\n\t\t\t\t<\/div>\n\t\t\t\t<\/div>","protected":false},"excerpt":{"rendered":"<p>NOTRE BIBLIOTH\u00c8QUE CSC des Grands Vents 65, Chemin Ridge St. Jean (TNL) A1B 4P5 &nbsp; Horaires : Du lundi au vendredi, apr\u00e8s 15 h. La biblioth\u00e8que du CSC des Grands Vents vous propose un large \u00e9ventail de ressources en fran\u00e7ais et vous accueille toute l\u2019ann\u00e9e pour diverses activit\u00e9s ! Elle sert non seulement les \u00e9l\u00e8ves [&hellip;]<\/p>\n","protected":false},"author":1,"featured_media":0,"parent":0,"menu_order":0,"comment_status":"closed","ping_status":"closed","template":"","meta":{"footnotes":""},"class_list":["post-486","page","type-page","status-publish","hentry","entry"],"_links":{"self":[{"href":"https:\/\/acfsj.ca\/en\/wp-json\/wp\/v2\/pages\/486","targetHints":{"allow":["GET"]}}],"collection":[{"href":"https:\/\/acfsj.ca\/en\/wp-json\/wp\/v2\/pages"}],"about":[{"href":"https:\/\/acfsj.ca\/en\/wp-json\/wp\/v2\/types\/page"}],"author":[{"embeddable":true,"href":"https:\/\/acfsj.ca\/en\/wp-json\/wp\/v2\/users\/1"}],"replies":[{"embeddable":true,"href":"https:\/\/acfsj.ca\/en\/wp-json\/wp\/v2\/comments?post=486"}],"version-history":[{"count":16,"href":"https:\/\/acfsj.ca\/en\/wp-json\/wp\/v2\/pages\/486\/revisions"}],"predecessor-version":[{"id":19366,"href":"https:\/\/acfsj.ca\/en\/wp-json\/wp\/v2\/pages\/486\/revisions\/19366"}],"wp:attachment":[{"href":"https:\/\/acfsj.ca\/en\/wp-json\/wp\/v2\/media?parent=486"}],"curies":[{"name":"wp","href":"https:\/\/api.w.org\/{rel}","templated":true}]}}