{"id":1840,"date":"2020-11-09T12:34:47","date_gmt":"2020-11-09T16:04:47","guid":{"rendered":"https:\/\/wp.acfsj.ca\/?page_id=1840"},"modified":"2025-05-07T14:59:07","modified_gmt":"2025-05-07T17:29:07","slug":"en-vente-ici","status":"publish","type":"page","link":"https:\/\/acfsj.ca\/en\/en-vente-ici\/","title":{"rendered":"On sale here"},"content":{"rendered":"\t\t<div data-elementor-type=\"wp-page\" data-elementor-id=\"1840\" class=\"elementor elementor-1840\" data-elementor-post-type=\"page\">\n\t\t\t\t<div class=\"elementor-element elementor-element-1b715f5e e-flex e-con-boxed e-con e-parent\" data-id=\"1b715f5e\" data-element_type=\"container\" data-e-type=\"container\">\n\t\t\t\t\t<div class=\"e-con-inner\">\n\t\t\t\t<div class=\"elementor-element elementor-element-04f3ec2 elementor-widget elementor-widget-heading\" data-id=\"04f3ec2\" data-element_type=\"widget\" data-e-type=\"widget\" data-widget_type=\"heading.default\">\n\t\t\t\t\t<h2 class=\"elementor-heading-title elementor-size-default\">EN VENTE ICI<\/h2>\t\t\t\t<\/div>\n\t\t\t\t<div class=\"elementor-element elementor-element-8d587db elementor-widget elementor-widget-text-editor\" data-id=\"8d587db\" data-element_type=\"widget\" data-e-type=\"widget\" data-widget_type=\"text-editor.default\">\n\t\t\t\t\t\t\t\t\t<p class=\"has-white-color has-text-color has-link-color has-medium-font-size\"><span style=\"color: #000000;\"><em>L&rsquo;Association communautaire francophone de Saint-Jean (ACFSJ) est un organisme \u00e0 but non lucratif qui offre une grande vari\u00e9t\u00e9 d&rsquo;activit\u00e9s et de services pour tous\u00a0les\u00a0go\u00fbts et tous\u00a0les\u00a0budgets. La plupart de nos activit\u00e9s se d\u00e9roulent au Centre communautaire des Grands-Vents. Nos activit\u00e9s sont inspir\u00e9es et adapt\u00e9es\u00a0\u00e0 la diversit\u00e9 de notre communaut\u00e9 francophone et francophile de la r\u00e9gion de Saint-Jean.<\/em><\/span><\/p>\n<p><span style=\"color: #000000;\"><!-- \/wp:paragraph --><!-- wp:themeisle-blocks\/advanced-columns {\"id\":\"wp-block-themeisle-blocks-advanced-columns-4063b2a9\",\"columns\":4,\"layout\":\"equal\",\"layoutMobile\":\"collapsedRows\",\"padding\":{\"top\":\"64px\",\"right\":\"24px\",\"bottom\":\"64px\",\"left\":\"24px\"},\"paddingTablet\":{\"top\":\"64px\",\"right\":\"24px\",\"bottom\":\"64px\",\"left\":\"24px\"},\"paddingMobile\":{\"top\":\"40px\",\"bottom\":\"40px\"},\"margin\":{\"top\":\"0px\",\"bottom\":\"0px\"},\"columnsWidth\":1140,\"horizontalAlign\":\"center\",\"verticalAlign\":\"center\",\"align\":\"full\",\"className\":\"ticss-c00aadba\",\"hasCustomCSS\":true,\"customCSS\":\"\"} --><\/span><\/p>\n<div id=\"wp-block-themeisle-blocks-advanced-columns-4063b2a9\" class=\"wp-block-themeisle-blocks-advanced-columns alignfull has-4-columns has-desktop-equal-layout has-tablet-equal-layout has-mobile-collapsedRows-layout has-vertical-center ticss-c00aadba\">\n<div class=\"wp-block-themeisle-blocks-advanced-columns-overlay\">\u00a0<\/div>\n<\/div>\t\t\t\t\t\t\t\t<\/div>\n\t\t\t\t<div class=\"elementor-element elementor-element-b00e571 elementor-tabs-view-horizontal elementor-widget elementor-widget-tabs\" data-id=\"b00e571\" data-element_type=\"widget\" data-e-type=\"widget\" data-widget_type=\"tabs.default\">\n\t\t\t\t\t\t\t<div class=\"elementor-tabs\">\n\t\t\t<div class=\"elementor-tabs-wrapper\" role=\"tablist\" >\n\t\t\t\t\t\t\t\t\t<div id=\"elementor-tab-title-1841\" class=\"elementor-tab-title elementor-tab-desktop-title\" aria-selected=\"true\" data-tab=\"1\" role=\"tab\" tabindex=\"0\" aria-controls=\"elementor-tab-content-1841\" aria-expanded=\"false\">Vente de Tricots Faits Main<\/div>\n\t\t\t\t\t\t\t\t\t<div id=\"elementor-tab-title-1842\" class=\"elementor-tab-title elementor-tab-desktop-title\" aria-selected=\"false\" data-tab=\"2\" role=\"tab\" tabindex=\"-1\" aria-controls=\"elementor-tab-content-1842\" aria-expanded=\"false\">Bon cadeau<\/div>\n\t\t\t\t\t\t\t\t\t<div id=\"elementor-tab-title-1843\" class=\"elementor-tab-title elementor-tab-desktop-title\" aria-selected=\"false\" data-tab=\"3\" role=\"tab\" tabindex=\"-1\" aria-controls=\"elementor-tab-content-1843\" aria-expanded=\"false\">Nos cartes de v\u0153ux.<\/div>\n\t\t\t\t\t\t\t\t\t<div id=\"elementor-tab-title-1844\" class=\"elementor-tab-title elementor-tab-desktop-title\" aria-selected=\"false\" data-tab=\"4\" role=\"tab\" tabindex=\"-1\" aria-controls=\"elementor-tab-content-1844\" aria-expanded=\"false\">Copie et impressions.<\/div>\n\t\t\t\t\t\t\t\t\t<div id=\"elementor-tab-title-1845\" class=\"elementor-tab-title elementor-tab-desktop-title\" aria-selected=\"false\" data-tab=\"5\" role=\"tab\" tabindex=\"-1\" aria-controls=\"elementor-tab-content-1845\" aria-expanded=\"false\">Contact <\/div>\n\t\t\t\t\t\t\t<\/div>\n\t\t\t<div class=\"elementor-tabs-content-wrapper\" role=\"tablist\" aria-orientation=\"vertical\">\n\t\t\t\t\t\t\t\t\t<div class=\"elementor-tab-title elementor-tab-mobile-title\" aria-selected=\"true\" data-tab=\"1\" role=\"tab\" tabindex=\"0\" aria-controls=\"elementor-tab-content-1841\" aria-expanded=\"false\">Vente de Tricots Faits Main<\/div>\n\t\t\t\t\t<div id=\"elementor-tab-content-1841\" class=\"elementor-tab-content elementor-clearfix\" data-tab=\"1\" role=\"tabpanel\" aria-labelledby=\"elementor-tab-title-1841\" tabindex=\"0\" hidden=\"false\"><h3>Vente de Tricots Faits Main<\/h3>\n<p><strong>Produits Disponibles :<\/strong><\/p>\n<ul>\n<li><strong>Bonnet<\/strong><\/li>\n<li><strong>Chaussettes<\/strong><\/li>\n<li><strong>Gilet<\/strong><\/li>\n<li><strong>D\u00e9barbouillette<\/strong><\/li>\n<\/ul>\n<p>Tous nos articles sont confectionn\u00e9s avec soin par nos a\u00een\u00e9s.<\/p>\n<p><strong>Prix :<\/strong><\/p>\n<ul>\n<li><strong>De 5 $ \u00e0 20 $<\/strong> selon l&rsquo;article<\/li>\n<li><strong>Offre sp\u00e9ciale :<\/strong> Achetez 3 articles et obtenez <strong>5 $ de r\u00e9duction !<\/strong><\/li>\n<\/ul><\/div>\n\t\t\t\t\t\t\t\t\t<div class=\"elementor-tab-title elementor-tab-mobile-title\" aria-selected=\"false\" data-tab=\"2\" role=\"tab\" tabindex=\"-1\" aria-controls=\"elementor-tab-content-1842\" aria-expanded=\"false\">Bon cadeau<\/div>\n\t\t\t\t\t<div id=\"elementor-tab-content-1842\" class=\"elementor-tab-content elementor-clearfix\" data-tab=\"2\" role=\"tabpanel\" aria-labelledby=\"elementor-tab-title-1842\" tabindex=\"0\" hidden=\"hidden\"><div class=\"flex-shrink-0 flex flex-col relative items-end\">\n<div>\n<div class=\"pt-0\">\n<div class=\"gizmo-bot-avatar flex h-8 w-8 items-center justify-center overflow-hidden rounded-full\">\n<div class=\"relative p-1 rounded-sm flex items-center justify-center bg-token-main-surface-primary text-token-text-primary h-8 w-8\">\u00a0<\/div>\n<\/div>\n<\/div>\n<\/div>\n<\/div>\n<div class=\"group\/conversation-turn relative flex w-full min-w-0 flex-col agent-turn\">\n<div class=\"flex-col gap-1 md:gap-3\">\n<div class=\"flex max-w-full flex-col flex-grow\">\n<div class=\"min-h-8 text-message flex w-full flex-col items-end gap-2 whitespace-normal break-words [.text-message+&amp;]:mt-5\" dir=\"auto\" data-message-author-role=\"assistant\" data-message-id=\"c5dacb62-ebd8-45b7-9f25-fab25b312b8c\">\n<div class=\"flex w-full flex-col gap-1 empty:hidden first:pt-[3px]\">\n<div class=\"markdown prose w-full break-words dark:prose-invert light\">\n<p><strong>Pas d\u2019id\u00e9es cadeaux ? Optez pour une carte cadeau !<\/strong><\/p>\n<p>Choisir le cadeau id\u00e9al pour un cousin, une cousine ou m\u00eame pour la belle-m\u00e8re peut parfois s\u2019av\u00e9rer compliqu\u00e9. La carte cadeau est une solution pratique et appr\u00e9ci\u00e9e !<\/p>\n<p>Elle peut \u00eatre utilis\u00e9e pour des activit\u00e9s vari\u00e9es propos\u00e9es par l\u2019ACFSJ, telles que :<\/p>\n<ul>\n<li>Cours de fran\u00e7ais<\/li>\n<li>Cours R\u00e9cr\u00e9atif<\/li>\n<li>Club du samedi etc..\u00a0<\/li>\n<\/ul>\n<p>Vous pouvez \u00e9galement offrir un montant libre (par exemple, 10 $ ou 20 $), que le destinataire pourra utiliser pour n\u2019importe quelle activit\u00e9 de l\u2019ACFSJ, \u00e0 l&rsquo;exception des achats au bar.<\/p>\n<p>Les cartes cadeaux sont disponibles au bureau de l\u2019ACFSJ. Faites plaisir \u00e0 vos proches avec un cadeau qui leur permettra de choisir ce qui leur pla\u00eet le plus !<\/p>\n<\/div>\n<\/div>\n<\/div>\n<\/div>\n<\/div>\n<\/div><\/div>\n\t\t\t\t\t\t\t\t\t<div class=\"elementor-tab-title elementor-tab-mobile-title\" aria-selected=\"false\" data-tab=\"3\" role=\"tab\" tabindex=\"-1\" aria-controls=\"elementor-tab-content-1843\" aria-expanded=\"false\">Nos cartes de v\u0153ux.<\/div>\n\t\t\t\t\t<div id=\"elementor-tab-content-1843\" class=\"elementor-tab-content elementor-clearfix\" data-tab=\"3\" role=\"tabpanel\" aria-labelledby=\"elementor-tab-title-1843\" tabindex=\"0\" hidden=\"hidden\"><div class=\"wp-block-themeisle-blocks-accordion-item__content\">\n<p><strong>Pas d\u2019id\u00e9es cadeaux ?<\/strong><\/p>\n<p>Offrez une carte de v\u0153ux en fran\u00e7ais !<\/p>\n<p>Elle saura apporter joie et chaleur \u00e0 celui ou celle qui la recevra. Pour exprimer vos meilleurs v\u0153ux, choisissez parmi notre s\u00e9lection de cartes.<\/p>\n<table style=\"height: 836px;\" width=\"323\">\n<thead>\n<tr>\n<th><strong>Cat\u00e9gorie<\/strong><\/th>\n<th><strong>Occasions<\/strong><\/th>\n<\/tr>\n<\/thead>\n<tbody>\n<tr>\n<td><strong>ANNIVERSAIRE<\/strong><\/td>\n<td>Cartes anniversaire<\/td>\n<\/tr>\n<tr>\n<td>\u00a0<\/td>\n<td>Anniversaire enfants<\/td>\n<\/tr>\n<tr>\n<td>\u00a0<\/td>\n<td>Anniversaire humour<\/td>\n<\/tr>\n<tr>\n<td><strong>F\u00caTES &amp; \u00c9V\u00c9NEMENTS<\/strong><\/td>\n<td>Joyeux No\u00ebl<\/td>\n<\/tr>\n<tr>\n<td>\u00a0<\/td>\n<td>Cartes de voeux<\/td>\n<\/tr>\n<tr>\n<td>\u00a0<\/td>\n<td>\u00c9piphanie<\/td>\n<\/tr>\n<tr>\n<td>\u00a0<\/td>\n<td>Saint Valentin<\/td>\n<\/tr>\n<tr>\n<td>\u00a0<\/td>\n<td>F\u00eate des grand-m\u00e8res<\/td>\n<\/tr>\n<tr>\n<td>\u00a0<\/td>\n<td>Joyeuses P\u00e2ques<\/td>\n<\/tr>\n<tr>\n<td>\u00a0<\/td>\n<td>Premier mai<\/td>\n<\/tr>\n<tr>\n<td>\u00a0<\/td>\n<td>F\u00eate des m\u00e8res<\/td>\n<\/tr>\n<tr>\n<td>\u00a0<\/td>\n<td>Halloween<\/td>\n<\/tr>\n<tr>\n<td><strong>PETITES ATTENTIONS<\/strong><\/td>\n<td>Remerciement<\/td>\n<\/tr>\n<tr>\n<td>\u00a0<\/td>\n<td>Amiti\u00e9<\/td>\n<\/tr>\n<tr>\n<td>\u00a0<\/td>\n<td>F\u00e9licitations<\/td>\n<\/tr>\n<tr>\n<td>\u00a0<\/td>\n<td>Bon r\u00e9tablissement<\/td>\n<\/tr>\n<tr>\n<td>\u00a0<\/td>\n<td>Bonne chance<\/td>\n<\/tr>\n<tr>\n<td>\u00a0<\/td>\n<td>Dipl\u00f4mes \u00e0 d\u00e9cerner<\/td>\n<\/tr>\n<tr>\n<td>\u00a0<\/td>\n<td>Bonne retraite<\/td>\n<\/tr>\n<tr>\n<td>\u00a0<\/td>\n<td>Petits gestes quotidiens<\/td>\n<\/tr>\n<tr>\n<td>\u00a0<\/td>\n<td>Cartes de Condol\u00e9ances<\/td>\n<\/tr>\n<tr>\n<td><strong>A SOUHAITER<\/strong><\/td>\n<td>Cartes Bonne f\u00eate<\/td>\n<\/tr>\n<tr>\n<td>\u00a0<\/td>\n<td>Cartes F\u00e9licitations<\/td>\n<\/tr>\n<tr>\n<td>\u00a0<\/td>\n<td>Cartes bon r\u00e9tablissement<\/td>\n<\/tr>\n<tr>\n<td>\u00a0<\/td>\n<td>Cartes de f\u00e9licitations<\/td>\n<\/tr>\n<tr>\n<td>\u00a0<\/td>\n<td>F\u00e9licitations mariage<\/td>\n<\/tr>\n<tr>\n<td>\u00a0<\/td>\n<td>F\u00e9licitations naissance<\/td>\n<\/tr>\n<tr>\n<td>\u00a0<\/td>\n<td>F\u00e9licitations examens<\/td>\n<\/tr>\n<\/tbody>\n<\/table>\n<p>\u00a0<\/p>\n<div>\n<div>Faites plaisir \u00e0 vos proches avec une carte personnalis\u00e9e qui fera toute la diff\u00e9rence ! Pour plus d&rsquo;informations, n&rsquo;h\u00e9sitez pas \u00e0 nous contacter.<\/div>\n<\/div>\n<\/div><\/div>\n\t\t\t\t\t\t\t\t\t<div class=\"elementor-tab-title elementor-tab-mobile-title\" aria-selected=\"false\" data-tab=\"4\" role=\"tab\" tabindex=\"-1\" aria-controls=\"elementor-tab-content-1844\" aria-expanded=\"false\">Copie et impressions.<\/div>\n\t\t\t\t\t<div id=\"elementor-tab-content-1844\" class=\"elementor-tab-content elementor-clearfix\" data-tab=\"4\" role=\"tabpanel\" aria-labelledby=\"elementor-tab-title-1844\" tabindex=\"0\" hidden=\"hidden\"><p><strong>\u00c9conomisez temps et argent avec notre machine \u00e0 photocopier !<\/strong><\/p>\n<p>Que ce soit pour des impressions en couleur ou en noir et blanc, et peu importe la quantit\u00e9\u2014petites, moyennes ou grandes\u2014nos tarifs sont tr\u00e8s comp\u00e9titifs.<\/p>\n<p><strong>Disponibilit\u00e9 :<\/strong> Au bureau de l\u2019ACFSJ.<\/p><\/div>\n\t\t\t\t\t\t\t\t\t<div class=\"elementor-tab-title elementor-tab-mobile-title\" aria-selected=\"false\" data-tab=\"5\" role=\"tab\" tabindex=\"-1\" aria-controls=\"elementor-tab-content-1845\" aria-expanded=\"false\">Contact <\/div>\n\t\t\t\t\t<div id=\"elementor-tab-content-1845\" class=\"elementor-tab-content elementor-clearfix\" data-tab=\"5\" role=\"tabpanel\" aria-labelledby=\"elementor-tab-title-1845\" tabindex=\"0\" hidden=\"hidden\"><div class=\"wp-block-themeisle-blocks-tabs-item__header\" tabindex=\"0\"><strong>Contact<\/strong><\/div>\n<div class=\"wp-block-themeisle-blocks-tabs-item__content\">\n<figure class=\"wp-block-table\">\n<table class=\"has-fixed-layout\" style=\"height: 51px;\" width=\"469\">\n<tbody>\n<tr>\n<td>\u00a0<\/td>\n<td><img decoding=\"async\" src=\"https:\/\/static.xx.fbcdn.net\/images\/emoji.php\/v9\/ta9\/1.5\/16\/260e.png\" alt=\"\u260e\ufe0f\" width=\"16\" height=\"16\" \/><strong>\u00a0709-726-4900<\/strong><\/td>\n<td><img decoding=\"async\" src=\"https:\/\/static.xx.fbcdn.net\/images\/emoji.php\/v9\/t17\/1.5\/16\/1f4e7.png\" alt=\"????\" width=\"16\" height=\"16\" \/><strong>\u00a0Info@acfsj.ca<\/strong><\/td>\n<\/tr>\n<\/tbody>\n<\/table>\n<p>\u00a0<\/p>\n<\/figure>\n<\/div><\/div>\n\t\t\t\t\t\t\t<\/div>\n\t\t<\/div>\n\t\t\t\t\t\t<\/div>\n\t\t\t\t\t<\/div>\n\t\t\t\t<\/div>\n\t\t<div class=\"elementor-element elementor-element-afd5e01 e-grid e-con-boxed e-con e-parent\" data-id=\"afd5e01\" data-element_type=\"container\" data-e-type=\"container\">\n\t\t\t\t\t<div class=\"e-con-inner\">\n\t\t\t\t<div class=\"elementor-element elementor-element-877bffc elementor-widget elementor-widget-image\" data-id=\"877bffc\" data-element_type=\"widget\" data-e-type=\"widget\" data-widget_type=\"image.default\">\n\t\t\t\t\t\t\t\t\t\t\t\t\t\t\t<img decoding=\"async\" width=\"150\" height=\"150\" src=\"https:\/\/acfsj.ca\/sites\/acfsj.ca\/wp-content\/uploads\/2025\/03\/CSCGV_Logo-150x150.png\" class=\"attachment-thumbnail size-thumbnail wp-image-19331\" alt=\"\" srcset=\"https:\/\/acfsj.ca\/sites\/acfsj.ca\/wp-content\/uploads\/2025\/03\/CSCGV_Logo-150x150.png 150w, https:\/\/acfsj.ca\/sites\/acfsj.ca\/wp-content\/uploads\/2025\/03\/CSCGV_Logo-600x600.png 600w, https:\/\/acfsj.ca\/sites\/acfsj.ca\/wp-content\/uploads\/2025\/03\/CSCGV_Logo-400x400.png 400w\" sizes=\"(max-width: 150px) 100vw, 150px\" \/>\t\t\t\t\t\t\t\t\t\t\t\t\t\t\t<\/div>\n\t\t\t\t<div class=\"elementor-element elementor-element-c98612c elementor-widget elementor-widget-image\" data-id=\"c98612c\" data-element_type=\"widget\" data-e-type=\"widget\" data-widget_type=\"image.default\">\n\t\t\t\t\t\t\t\t\t\t\t\t\t\t\t<img decoding=\"async\" src=\"https:\/\/acfsj.ca\/sites\/acfsj.ca\/wp-content\/uploads\/2025\/01\/ACFSJ-Terre-Neuve_0.png\" title=\"\" alt=\"\" loading=\"lazy\" \/>\t\t\t\t\t\t\t\t\t\t\t\t\t\t\t<\/div>\n\t\t\t\t\t<\/div>\n\t\t\t\t<\/div>\n\t\t\t\t<\/div>\n\t\t","protected":false},"excerpt":{"rendered":"<p>EN VENTE ICI L&rsquo;Association communautaire francophone de Saint-Jean (ACFSJ) est un organisme \u00e0 but non lucratif qui offre une grande vari\u00e9t\u00e9 d&rsquo;activit\u00e9s et de services pour tous\u00a0les\u00a0go\u00fbts et tous\u00a0les\u00a0budgets. La plupart de nos activit\u00e9s se d\u00e9roulent au Centre communautaire des Grands-Vents. Nos activit\u00e9s sont inspir\u00e9es et adapt\u00e9es\u00a0\u00e0 la diversit\u00e9 de notre communaut\u00e9 francophone et francophile [&hellip;]<\/p>\n","protected":false},"author":1,"featured_media":0,"parent":0,"menu_order":0,"comment_status":"closed","ping_status":"closed","template":"","meta":{"footnotes":""},"class_list":["post-1840","page","type-page","status-publish","hentry","entry"],"_links":{"self":[{"href":"https:\/\/acfsj.ca\/en\/wp-json\/wp\/v2\/pages\/1840","targetHints":{"allow":["GET"]}}],"collection":[{"href":"https:\/\/acfsj.ca\/en\/wp-json\/wp\/v2\/pages"}],"about":[{"href":"https:\/\/acfsj.ca\/en\/wp-json\/wp\/v2\/types\/page"}],"author":[{"embeddable":true,"href":"https:\/\/acfsj.ca\/en\/wp-json\/wp\/v2\/users\/1"}],"replies":[{"embeddable":true,"href":"https:\/\/acfsj.ca\/en\/wp-json\/wp\/v2\/comments?post=1840"}],"version-history":[{"count":10,"href":"https:\/\/acfsj.ca\/en\/wp-json\/wp\/v2\/pages\/1840\/revisions"}],"predecessor-version":[{"id":28876,"href":"https:\/\/acfsj.ca\/en\/wp-json\/wp\/v2\/pages\/1840\/revisions\/28876"}],"wp:attachment":[{"href":"https:\/\/acfsj.ca\/en\/wp-json\/wp\/v2\/media?parent=1840"}],"curies":[{"name":"wp","href":"https:\/\/api.w.org\/{rel}","templated":true}]}}